{"id":13338,"date":"2024-10-28T10:39:06","date_gmt":"2024-10-28T09:39:06","guid":{"rendered":"https:\/\/linoexpress.com\/hr\/?post_type=product&#038;p=13338"},"modified":"2025-09-18T10:21:54","modified_gmt":"2025-09-18T08:21:54","slug":"relaksirajuce-mini-police-sa-knjigama","status":"publish","type":"product","link":"https:\/\/linoexpress.com\/hr\/proizvod\/relaksirajuce-mini-police-sa-knjigama\/","title":{"rendered":"Relaksiraju\u0107e mini police sa knjigama"},"content":{"rendered":"","protected":false},"excerpt":{"rendered":"<p>Oslobodite se tjeskobe i napetosti uz ovu opu\u0161taju\u0107u malu policu za knjige. Rasporedite knjige i prona\u0111ite svoj mir!<\/p>\n","protected":false},"featured_media":13342,"comment_status":"closed","ping_status":"closed","template":"","meta":{"inline_featured_image":false},"product_brand":[],"product_cat":[27,15,35],"product_tag":[],"class_list":{"0":"post-13338","1":"product","2":"type-product","3":"status-publish","4":"has-post-thumbnail","6":"product_cat-home","7":"product_cat-uncategorized","8":"product_cat-fun","10":"first","11":"instock","12":"sale","13":"taxable","14":"shipping-taxable","15":"purchasable","16":"product-type-simple"},"acf":[],"_links":{"self":[{"href":"https:\/\/linoexpress.com\/hr\/wp-json\/wp\/v2\/product\/13338","targetHints":{"allow":["GET"]}}],"collection":[{"href":"https:\/\/linoexpress.com\/hr\/wp-json\/wp\/v2\/product"}],"about":[{"href":"https:\/\/linoexpress.com\/hr\/wp-json\/wp\/v2\/types\/product"}],"replies":[{"embeddable":true,"href":"https:\/\/linoexpress.com\/hr\/wp-json\/wp\/v2\/comments?post=13338"}],"wp:featuredmedia":[{"embeddable":true,"href":"https:\/\/linoexpress.com\/hr\/wp-json\/wp\/v2\/media\/13342"}],"wp:attachment":[{"href":"https:\/\/linoexpress.com\/hr\/wp-json\/wp\/v2\/media?parent=13338"}],"wp:term":[{"taxonomy":"product_brand","embeddable":true,"href":"https:\/\/linoexpress.com\/hr\/wp-json\/wp\/v2\/product_brand?post=13338"},{"taxonomy":"product_cat","embeddable":true,"href":"https:\/\/linoexpress.com\/hr\/wp-json\/wp\/v2\/product_cat?post=13338"},{"taxonomy":"product_tag","embeddable":true,"href":"https:\/\/linoexpress.com\/hr\/wp-json\/wp\/v2\/product_tag?post=13338"}],"curies":[{"name":"wp","href":"https:\/\/api.w.org\/{rel}","templated":true}]}}