{"id":13350,"date":"2024-10-30T12:22:03","date_gmt":"2024-10-30T11:22:03","guid":{"rendered":"https:\/\/linoexpress.com\/hr\/?post_type=product&#038;p=13350"},"modified":"2024-11-15T14:41:28","modified_gmt":"2024-11-15T13:41:28","slug":"2-u-1-mop-za-ciscenje","status":"publish","type":"product","link":"https:\/\/linoexpress.com\/hr\/proizvod\/2-u-1-mop-za-ciscenje\/","title":{"rendered":"2 u 1 Mop za \u010di\u0161\u0107enje"},"content":{"rendered":"","protected":false},"excerpt":{"rendered":"<p>Ovaj visokokvalitetni mop \u010disti vrlo u\u010dinkovito i brzo. Idealno za suho i mokro \u010di\u0161\u0107enje!<\/p>\n","protected":false},"featured_media":13352,"comment_status":"closed","ping_status":"closed","template":"","meta":{"inline_featured_image":false},"product_brand":[],"product_cat":[27,15],"product_tag":[],"class_list":{"0":"post-13350","1":"product","2":"type-product","3":"status-publish","4":"has-post-thumbnail","6":"product_cat-home","7":"product_cat-uncategorized","9":"first","10":"instock","11":"sale","12":"taxable","13":"shipping-taxable","14":"purchasable","15":"product-type-simple"},"acf":[],"_links":{"self":[{"href":"https:\/\/linoexpress.com\/hr\/wp-json\/wp\/v2\/product\/13350","targetHints":{"allow":["GET"]}}],"collection":[{"href":"https:\/\/linoexpress.com\/hr\/wp-json\/wp\/v2\/product"}],"about":[{"href":"https:\/\/linoexpress.com\/hr\/wp-json\/wp\/v2\/types\/product"}],"replies":[{"embeddable":true,"href":"https:\/\/linoexpress.com\/hr\/wp-json\/wp\/v2\/comments?post=13350"}],"wp:featuredmedia":[{"embeddable":true,"href":"https:\/\/linoexpress.com\/hr\/wp-json\/wp\/v2\/media\/13352"}],"wp:attachment":[{"href":"https:\/\/linoexpress.com\/hr\/wp-json\/wp\/v2\/media?parent=13350"}],"wp:term":[{"taxonomy":"product_brand","embeddable":true,"href":"https:\/\/linoexpress.com\/hr\/wp-json\/wp\/v2\/product_brand?post=13350"},{"taxonomy":"product_cat","embeddable":true,"href":"https:\/\/linoexpress.com\/hr\/wp-json\/wp\/v2\/product_cat?post=13350"},{"taxonomy":"product_tag","embeddable":true,"href":"https:\/\/linoexpress.com\/hr\/wp-json\/wp\/v2\/product_tag?post=13350"}],"curies":[{"name":"wp","href":"https:\/\/api.w.org\/{rel}","templated":true}]}}