{"id":13394,"date":"2024-11-01T09:52:37","date_gmt":"2024-11-01T08:52:37","guid":{"rendered":"https:\/\/linoexpress.com\/hr\/?post_type=product&#038;p=13394"},"modified":"2025-04-28T09:48:44","modified_gmt":"2025-04-28T07:48:44","slug":"boxing-set","status":"publish","type":"product","link":"https:\/\/linoexpress.com\/hr\/proizvod\/boxing-set\/","title":{"rendered":"Boxing set"},"content":{"rendered":"","protected":false},"excerpt":{"rendered":"<p>Fenomenalan na\u010din za vje\u017ebu i izbacivanje vi\u0161ka energije ! Ovaj set razvi\u0107e ljubav prema sportu i dobroj kondiciji!<\/p>\n","protected":false},"featured_media":13395,"comment_status":"closed","ping_status":"closed","template":"","meta":{"inline_featured_image":false},"product_brand":[],"product_cat":[15,35,26],"product_tag":[],"class_list":{"0":"post-13394","1":"product","2":"type-product","3":"status-publish","4":"has-post-thumbnail","6":"product_cat-uncategorized","7":"product_cat-fun","8":"product_cat-health","10":"first","11":"instock","12":"sale","13":"taxable","14":"shipping-taxable","15":"purchasable","16":"product-type-simple"},"acf":[],"_links":{"self":[{"href":"https:\/\/linoexpress.com\/hr\/wp-json\/wp\/v2\/product\/13394","targetHints":{"allow":["GET"]}}],"collection":[{"href":"https:\/\/linoexpress.com\/hr\/wp-json\/wp\/v2\/product"}],"about":[{"href":"https:\/\/linoexpress.com\/hr\/wp-json\/wp\/v2\/types\/product"}],"replies":[{"embeddable":true,"href":"https:\/\/linoexpress.com\/hr\/wp-json\/wp\/v2\/comments?post=13394"}],"wp:featuredmedia":[{"embeddable":true,"href":"https:\/\/linoexpress.com\/hr\/wp-json\/wp\/v2\/media\/13395"}],"wp:attachment":[{"href":"https:\/\/linoexpress.com\/hr\/wp-json\/wp\/v2\/media?parent=13394"}],"wp:term":[{"taxonomy":"product_brand","embeddable":true,"href":"https:\/\/linoexpress.com\/hr\/wp-json\/wp\/v2\/product_brand?post=13394"},{"taxonomy":"product_cat","embeddable":true,"href":"https:\/\/linoexpress.com\/hr\/wp-json\/wp\/v2\/product_cat?post=13394"},{"taxonomy":"product_tag","embeddable":true,"href":"https:\/\/linoexpress.com\/hr\/wp-json\/wp\/v2\/product_tag?post=13394"}],"curies":[{"name":"wp","href":"https:\/\/api.w.org\/{rel}","templated":true}]}}