{"id":13417,"date":"2024-11-01T15:01:41","date_gmt":"2024-11-01T14:01:41","guid":{"rendered":"https:\/\/linoexpress.com\/hr\/?post_type=product&#038;p=13417"},"modified":"2025-01-16T13:10:39","modified_gmt":"2025-01-16T12:10:39","slug":"maske-realnog-lica","status":"publish","type":"product","link":"https:\/\/linoexpress.com\/hr\/proizvod\/maske-realnog-lica\/","title":{"rendered":"Maske realnog lica"},"content":{"rendered":"","protected":false},"excerpt":{"rendered":"<p>Maske vrhunskog kvaliteta, ura\u0111ene tako da podsje\u0107aju na stvarnu osobu. Budite u centru pa\u017enje za Helloween , maskembale ,tematske zabave ili kad zezate svoje prijatelje!<\/p>\n","protected":false},"featured_media":13421,"comment_status":"closed","ping_status":"closed","template":"","meta":{"inline_featured_image":false},"product_brand":[],"product_cat":[15,35],"product_tag":[],"class_list":{"0":"post-13417","1":"product","2":"type-product","3":"status-publish","4":"has-post-thumbnail","6":"product_cat-uncategorized","7":"product_cat-fun","9":"first","10":"instock","11":"sale","12":"taxable","13":"shipping-taxable","14":"purchasable","15":"product-type-simple"},"acf":[],"_links":{"self":[{"href":"https:\/\/linoexpress.com\/hr\/wp-json\/wp\/v2\/product\/13417","targetHints":{"allow":["GET"]}}],"collection":[{"href":"https:\/\/linoexpress.com\/hr\/wp-json\/wp\/v2\/product"}],"about":[{"href":"https:\/\/linoexpress.com\/hr\/wp-json\/wp\/v2\/types\/product"}],"replies":[{"embeddable":true,"href":"https:\/\/linoexpress.com\/hr\/wp-json\/wp\/v2\/comments?post=13417"}],"wp:featuredmedia":[{"embeddable":true,"href":"https:\/\/linoexpress.com\/hr\/wp-json\/wp\/v2\/media\/13421"}],"wp:attachment":[{"href":"https:\/\/linoexpress.com\/hr\/wp-json\/wp\/v2\/media?parent=13417"}],"wp:term":[{"taxonomy":"product_brand","embeddable":true,"href":"https:\/\/linoexpress.com\/hr\/wp-json\/wp\/v2\/product_brand?post=13417"},{"taxonomy":"product_cat","embeddable":true,"href":"https:\/\/linoexpress.com\/hr\/wp-json\/wp\/v2\/product_cat?post=13417"},{"taxonomy":"product_tag","embeddable":true,"href":"https:\/\/linoexpress.com\/hr\/wp-json\/wp\/v2\/product_tag?post=13417"}],"curies":[{"name":"wp","href":"https:\/\/api.w.org\/{rel}","templated":true}]}}