{"id":13489,"date":"2024-11-08T11:33:03","date_gmt":"2024-11-08T10:33:03","guid":{"rendered":"https:\/\/linoexpress.com\/hr\/?post_type=product&#038;p=13489"},"modified":"2025-04-28T09:58:22","modified_gmt":"2025-04-28T07:58:22","slug":"sklopivo-djecije-elektricno-karting-vozilo","status":"publish","type":"product","link":"https:\/\/linoexpress.com\/hr\/proizvod\/sklopivo-djecije-elektricno-karting-vozilo\/","title":{"rendered":"Sklopivo dje\u010dije elektri\u010dno karting vozilo"},"content":{"rendered":"","protected":false},"excerpt":{"rendered":"<p>Elektri\u010dni karting za djecu savr\u0161en za mali\u0161ane koja vole uzbu\u0111enje i vo\u017enju!<\/p>\n<p>&nbsp;<\/p>\n","protected":false},"featured_media":13490,"comment_status":"closed","ping_status":"closed","template":"","meta":{"inline_featured_image":false},"product_brand":[],"product_cat":[15,35],"product_tag":[],"class_list":{"0":"post-13489","1":"product","2":"type-product","3":"status-publish","4":"has-post-thumbnail","6":"product_cat-uncategorized","7":"product_cat-fun","9":"first","10":"instock","11":"sale","12":"taxable","13":"shipping-taxable","14":"purchasable","15":"product-type-simple"},"acf":[],"_links":{"self":[{"href":"https:\/\/linoexpress.com\/hr\/wp-json\/wp\/v2\/product\/13489","targetHints":{"allow":["GET"]}}],"collection":[{"href":"https:\/\/linoexpress.com\/hr\/wp-json\/wp\/v2\/product"}],"about":[{"href":"https:\/\/linoexpress.com\/hr\/wp-json\/wp\/v2\/types\/product"}],"replies":[{"embeddable":true,"href":"https:\/\/linoexpress.com\/hr\/wp-json\/wp\/v2\/comments?post=13489"}],"wp:featuredmedia":[{"embeddable":true,"href":"https:\/\/linoexpress.com\/hr\/wp-json\/wp\/v2\/media\/13490"}],"wp:attachment":[{"href":"https:\/\/linoexpress.com\/hr\/wp-json\/wp\/v2\/media?parent=13489"}],"wp:term":[{"taxonomy":"product_brand","embeddable":true,"href":"https:\/\/linoexpress.com\/hr\/wp-json\/wp\/v2\/product_brand?post=13489"},{"taxonomy":"product_cat","embeddable":true,"href":"https:\/\/linoexpress.com\/hr\/wp-json\/wp\/v2\/product_cat?post=13489"},{"taxonomy":"product_tag","embeddable":true,"href":"https:\/\/linoexpress.com\/hr\/wp-json\/wp\/v2\/product_tag?post=13489"}],"curies":[{"name":"wp","href":"https:\/\/api.w.org\/{rel}","templated":true}]}}