{"id":14167,"date":"2025-02-18T15:33:36","date_gmt":"2025-02-18T14:33:36","guid":{"rendered":"https:\/\/linoexpress.com\/hr\/?post_type=product&#038;p=14167"},"modified":"2025-02-18T18:26:28","modified_gmt":"2025-02-18T17:26:28","slug":"sprej-za-nevidljive-registarske-plocice","status":"publish","type":"product","link":"https:\/\/linoexpress.com\/hr\/proizvod\/sprej-za-nevidljive-registarske-plocice\/","title":{"rendered":"Sprej za nevidljive registarske plo\u010dice"},"content":{"rendered":"","protected":false},"excerpt":{"rendered":"<p>Ovaj japanski nevidljivi sprej daje trenutne rezultate, osiguravaju\u0107i vam potpunu privatnost tijekom vo\u017enje. Jednostavno poprskajte registarsku plo\u010dicu i osigurajte si maksimalnu za\u0161titu od sustava za pra\u0107enje. S ovom inovativnom tehnologijom blokiranja fotografija va\u0161a je anonimnost na prvom mjestu.<\/p>\n<p>&nbsp;<\/p>\n","protected":false},"featured_media":14172,"comment_status":"closed","ping_status":"closed","template":"","meta":{"inline_featured_image":false},"product_brand":[],"product_cat":[15,35],"product_tag":[],"class_list":{"0":"post-14167","1":"product","2":"type-product","3":"status-publish","4":"has-post-thumbnail","6":"product_cat-uncategorized","7":"product_cat-fun","9":"first","10":"instock","11":"sale","12":"taxable","13":"shipping-taxable","14":"purchasable","15":"product-type-simple"},"acf":[],"_links":{"self":[{"href":"https:\/\/linoexpress.com\/hr\/wp-json\/wp\/v2\/product\/14167","targetHints":{"allow":["GET"]}}],"collection":[{"href":"https:\/\/linoexpress.com\/hr\/wp-json\/wp\/v2\/product"}],"about":[{"href":"https:\/\/linoexpress.com\/hr\/wp-json\/wp\/v2\/types\/product"}],"replies":[{"embeddable":true,"href":"https:\/\/linoexpress.com\/hr\/wp-json\/wp\/v2\/comments?post=14167"}],"wp:featuredmedia":[{"embeddable":true,"href":"https:\/\/linoexpress.com\/hr\/wp-json\/wp\/v2\/media\/14172"}],"wp:attachment":[{"href":"https:\/\/linoexpress.com\/hr\/wp-json\/wp\/v2\/media?parent=14167"}],"wp:term":[{"taxonomy":"product_brand","embeddable":true,"href":"https:\/\/linoexpress.com\/hr\/wp-json\/wp\/v2\/product_brand?post=14167"},{"taxonomy":"product_cat","embeddable":true,"href":"https:\/\/linoexpress.com\/hr\/wp-json\/wp\/v2\/product_cat?post=14167"},{"taxonomy":"product_tag","embeddable":true,"href":"https:\/\/linoexpress.com\/hr\/wp-json\/wp\/v2\/product_tag?post=14167"}],"curies":[{"name":"wp","href":"https:\/\/api.w.org\/{rel}","templated":true}]}}