{"id":14253,"date":"2025-03-04T10:01:55","date_gmt":"2025-03-04T09:01:55","guid":{"rendered":"https:\/\/linoexpress.com\/hr\/?post_type=product&#038;p=14253"},"modified":"2025-09-18T10:27:47","modified_gmt":"2025-09-18T08:27:47","slug":"pozicioner-za-ugradnju-vrata","status":"publish","type":"product","link":"https:\/\/linoexpress.com\/hr\/proizvod\/pozicioner-za-ugradnju-vrata\/","title":{"rendered":"Pozicioner za ugradnju vrata"},"content":{"rendered":"","protected":false},"excerpt":{"rendered":"<p>Na\u0161 pozicioner za ugradnju vrata pru\u017ea brz i precizan na\u010din da postignete savr\u0161eno poravnanje, \u010dak i bez pomo\u0107i drugih. Ovaj alat je dizajniran za jednostavnu upotrebu, omogu\u0107avaju\u0107i vam da obavite posao br\u017ee i efikasnije.<\/p>\n<p>&nbsp;<\/p>\n","protected":false},"featured_media":14255,"comment_status":"closed","ping_status":"closed","template":"","meta":{"inline_featured_image":false},"product_brand":[],"product_cat":[15,35],"product_tag":[],"class_list":{"0":"post-14253","1":"product","2":"type-product","3":"status-publish","4":"has-post-thumbnail","6":"product_cat-uncategorized","7":"product_cat-fun","9":"first","10":"instock","11":"sale","12":"taxable","13":"shipping-taxable","14":"purchasable","15":"product-type-simple"},"acf":[],"_links":{"self":[{"href":"https:\/\/linoexpress.com\/hr\/wp-json\/wp\/v2\/product\/14253","targetHints":{"allow":["GET"]}}],"collection":[{"href":"https:\/\/linoexpress.com\/hr\/wp-json\/wp\/v2\/product"}],"about":[{"href":"https:\/\/linoexpress.com\/hr\/wp-json\/wp\/v2\/types\/product"}],"replies":[{"embeddable":true,"href":"https:\/\/linoexpress.com\/hr\/wp-json\/wp\/v2\/comments?post=14253"}],"wp:featuredmedia":[{"embeddable":true,"href":"https:\/\/linoexpress.com\/hr\/wp-json\/wp\/v2\/media\/14255"}],"wp:attachment":[{"href":"https:\/\/linoexpress.com\/hr\/wp-json\/wp\/v2\/media?parent=14253"}],"wp:term":[{"taxonomy":"product_brand","embeddable":true,"href":"https:\/\/linoexpress.com\/hr\/wp-json\/wp\/v2\/product_brand?post=14253"},{"taxonomy":"product_cat","embeddable":true,"href":"https:\/\/linoexpress.com\/hr\/wp-json\/wp\/v2\/product_cat?post=14253"},{"taxonomy":"product_tag","embeddable":true,"href":"https:\/\/linoexpress.com\/hr\/wp-json\/wp\/v2\/product_tag?post=14253"}],"curies":[{"name":"wp","href":"https:\/\/api.w.org\/{rel}","templated":true}]}}