{"id":14272,"date":"2025-03-04T13:33:40","date_gmt":"2025-03-04T12:33:40","guid":{"rendered":"https:\/\/linoexpress.com\/hr\/?post_type=product&#038;p=14272"},"modified":"2025-03-27T16:35:08","modified_gmt":"2025-03-27T15:35:08","slug":"art-set-kreativna-carolija","status":"publish","type":"product","link":"https:\/\/linoexpress.com\/hr\/proizvod\/art-set-kreativna-carolija\/","title":{"rendered":"Art set- kreativna \u010darolija"},"content":{"rendered":"","protected":false},"excerpt":{"rendered":"<p>Otkrijte \u010darobni svijet umjetnosti! Ovaj kreativni set omogu\u0107ava jednostavno stvaranje nevjerojatnih umjetni\u010dkih djela pomo\u0107u samo jedne ogrebotine. Bez obzira jeste li po\u010detnik ili iskusni umjetnik, ovaj set nudi beskrajne mogu\u0107nosti za izra\u017eavanje vlastite kreativnosti. Razveselite djecu ili sebe uz ovu zabavnu i edukativnu aktivnost!<\/p>\n<p>&nbsp;<\/p>\n","protected":false},"featured_media":14277,"comment_status":"closed","ping_status":"closed","template":"","meta":{"inline_featured_image":false},"product_brand":[],"product_cat":[15,35],"product_tag":[],"class_list":{"0":"post-14272","1":"product","2":"type-product","3":"status-publish","4":"has-post-thumbnail","6":"product_cat-uncategorized","7":"product_cat-fun","9":"first","10":"instock","11":"sale","12":"taxable","13":"shipping-taxable","14":"purchasable","15":"product-type-simple"},"acf":[],"_links":{"self":[{"href":"https:\/\/linoexpress.com\/hr\/wp-json\/wp\/v2\/product\/14272","targetHints":{"allow":["GET"]}}],"collection":[{"href":"https:\/\/linoexpress.com\/hr\/wp-json\/wp\/v2\/product"}],"about":[{"href":"https:\/\/linoexpress.com\/hr\/wp-json\/wp\/v2\/types\/product"}],"replies":[{"embeddable":true,"href":"https:\/\/linoexpress.com\/hr\/wp-json\/wp\/v2\/comments?post=14272"}],"wp:featuredmedia":[{"embeddable":true,"href":"https:\/\/linoexpress.com\/hr\/wp-json\/wp\/v2\/media\/14277"}],"wp:attachment":[{"href":"https:\/\/linoexpress.com\/hr\/wp-json\/wp\/v2\/media?parent=14272"}],"wp:term":[{"taxonomy":"product_brand","embeddable":true,"href":"https:\/\/linoexpress.com\/hr\/wp-json\/wp\/v2\/product_brand?post=14272"},{"taxonomy":"product_cat","embeddable":true,"href":"https:\/\/linoexpress.com\/hr\/wp-json\/wp\/v2\/product_cat?post=14272"},{"taxonomy":"product_tag","embeddable":true,"href":"https:\/\/linoexpress.com\/hr\/wp-json\/wp\/v2\/product_tag?post=14272"}],"curies":[{"name":"wp","href":"https:\/\/api.w.org\/{rel}","templated":true}]}}