{"id":14321,"date":"2025-03-12T23:51:12","date_gmt":"2025-03-12T22:51:12","guid":{"rendered":"https:\/\/linoexpress.com\/hr\/?post_type=product&#038;p=14321"},"modified":"2025-04-28T10:28:14","modified_gmt":"2025-04-28T08:28:14","slug":"2-u-1-elektricni-i-rucni-automobil","status":"publish","type":"product","link":"https:\/\/linoexpress.com\/hr\/proizvod\/2-u-1-elektricni-i-rucni-automobil\/","title":{"rendered":"2 u 1 elektri\u010dni i ru\u010dni automobil"},"content":{"rendered":"","protected":false},"excerpt":{"rendered":"<p>Ovaj inovativni automobil igra\u010dka omogu\u0107uje djeci odabir izme\u0111u klasi\u010dnog ru\u010dnog upravljanja i elektri\u010dnog na\u010dina rada za jo\u0161 zabavniju vo\u017enju. Savr\u0161eno je za igranje kod ku\u0107e ili na otvorenom, pru\u017eaju\u0107i sigurnost i stabilnost. Moderan dizajn i jednostavno kori\u0161tenje \u010dine ga idealnim izborom za najmla\u0111e.<\/p>\n<p>&nbsp;<\/p>\n","protected":false},"featured_media":14322,"comment_status":"closed","ping_status":"closed","template":"","meta":{"inline_featured_image":false},"product_brand":[],"product_cat":[15,35],"product_tag":[],"class_list":{"0":"post-14321","1":"product","2":"type-product","3":"status-publish","4":"has-post-thumbnail","6":"product_cat-uncategorized","7":"product_cat-fun","9":"first","10":"instock","11":"sale","12":"taxable","13":"shipping-taxable","14":"purchasable","15":"product-type-simple"},"acf":[],"_links":{"self":[{"href":"https:\/\/linoexpress.com\/hr\/wp-json\/wp\/v2\/product\/14321","targetHints":{"allow":["GET"]}}],"collection":[{"href":"https:\/\/linoexpress.com\/hr\/wp-json\/wp\/v2\/product"}],"about":[{"href":"https:\/\/linoexpress.com\/hr\/wp-json\/wp\/v2\/types\/product"}],"replies":[{"embeddable":true,"href":"https:\/\/linoexpress.com\/hr\/wp-json\/wp\/v2\/comments?post=14321"}],"wp:featuredmedia":[{"embeddable":true,"href":"https:\/\/linoexpress.com\/hr\/wp-json\/wp\/v2\/media\/14322"}],"wp:attachment":[{"href":"https:\/\/linoexpress.com\/hr\/wp-json\/wp\/v2\/media?parent=14321"}],"wp:term":[{"taxonomy":"product_brand","embeddable":true,"href":"https:\/\/linoexpress.com\/hr\/wp-json\/wp\/v2\/product_brand?post=14321"},{"taxonomy":"product_cat","embeddable":true,"href":"https:\/\/linoexpress.com\/hr\/wp-json\/wp\/v2\/product_cat?post=14321"},{"taxonomy":"product_tag","embeddable":true,"href":"https:\/\/linoexpress.com\/hr\/wp-json\/wp\/v2\/product_tag?post=14321"}],"curies":[{"name":"wp","href":"https:\/\/api.w.org\/{rel}","templated":true}]}}