{"id":14377,"date":"2025-03-14T11:26:27","date_gmt":"2025-03-14T10:26:27","guid":{"rendered":"https:\/\/linoexpress.com\/hr\/?post_type=product&#038;p=14377"},"modified":"2025-09-18T10:37:04","modified_gmt":"2025-09-18T08:37:04","slug":"traka-za-individualni-boksacki-trening","status":"publish","type":"product","link":"https:\/\/linoexpress.com\/hr\/proizvod\/traka-za-individualni-boksacki-trening\/","title":{"rendered":"Traka za individualni boksa\u010dki trening"},"content":{"rendered":"","protected":false},"excerpt":{"rendered":"<p>Inovativna otporna traka dizajnirana posebno za boksa\u010de. Poma\u017eu vam pobolj\u0161ati rad nogu, pove\u0107ati snagu udarca i za\u0161tititi se od ozljeda. Savr\u0161en alat za sve razine boksa\u010da, od po\u010detnika do profesionalaca.<\/p>\n<p>&nbsp;<\/p>\n","protected":false},"featured_media":14348,"comment_status":"closed","ping_status":"closed","template":"","meta":{"inline_featured_image":false},"product_brand":[],"product_cat":[15,35],"product_tag":[],"class_list":{"0":"post-14377","1":"product","2":"type-product","3":"status-publish","4":"has-post-thumbnail","6":"product_cat-uncategorized","7":"product_cat-fun","9":"first","10":"instock","11":"sale","12":"taxable","13":"shipping-taxable","14":"purchasable","15":"product-type-simple"},"acf":[],"_links":{"self":[{"href":"https:\/\/linoexpress.com\/hr\/wp-json\/wp\/v2\/product\/14377","targetHints":{"allow":["GET"]}}],"collection":[{"href":"https:\/\/linoexpress.com\/hr\/wp-json\/wp\/v2\/product"}],"about":[{"href":"https:\/\/linoexpress.com\/hr\/wp-json\/wp\/v2\/types\/product"}],"replies":[{"embeddable":true,"href":"https:\/\/linoexpress.com\/hr\/wp-json\/wp\/v2\/comments?post=14377"}],"wp:featuredmedia":[{"embeddable":true,"href":"https:\/\/linoexpress.com\/hr\/wp-json\/wp\/v2\/media\/14348"}],"wp:attachment":[{"href":"https:\/\/linoexpress.com\/hr\/wp-json\/wp\/v2\/media?parent=14377"}],"wp:term":[{"taxonomy":"product_brand","embeddable":true,"href":"https:\/\/linoexpress.com\/hr\/wp-json\/wp\/v2\/product_brand?post=14377"},{"taxonomy":"product_cat","embeddable":true,"href":"https:\/\/linoexpress.com\/hr\/wp-json\/wp\/v2\/product_cat?post=14377"},{"taxonomy":"product_tag","embeddable":true,"href":"https:\/\/linoexpress.com\/hr\/wp-json\/wp\/v2\/product_tag?post=14377"}],"curies":[{"name":"wp","href":"https:\/\/api.w.org\/{rel}","templated":true}]}}