{"id":14379,"date":"2025-03-14T11:40:06","date_gmt":"2025-03-14T10:40:06","guid":{"rendered":"https:\/\/linoexpress.com\/hr\/?post_type=product&#038;p=14379"},"modified":"2025-03-30T15:27:02","modified_gmt":"2025-03-30T13:27:02","slug":"kegelove-vjezbe","status":"publish","type":"product","link":"https:\/\/linoexpress.com\/hr\/proizvod\/kegelove-vjezbe\/","title":{"rendered":"Kegelove vje\u017ebe"},"content":{"rendered":"","protected":false},"excerpt":{"rendered":"<p>Postignite ve\u0107u kontrolu i izdr\u017eljivost Kegelovim vje\u017ebama koje ja\u010daju mi\u0161i\u0107e dna zdjelice. Ova jednostavna, prirodna i provjerena metoda pobolj\u0161ava tjelesnu kondiciju, izdr\u017eljivost i op\u0107e dobro stanje bez upotrebe lijekova. Idealan je za mu\u0161karce i \u017eene, prenosiv je i jednostavan za kori\u0161tenje bilo gdje.<\/p>\n<p>&nbsp;<\/p>\n","protected":false},"featured_media":14380,"comment_status":"closed","ping_status":"closed","template":"","meta":{"inline_featured_image":false},"product_brand":[],"product_cat":[15,35],"product_tag":[],"class_list":{"0":"post-14379","1":"product","2":"type-product","3":"status-publish","4":"has-post-thumbnail","6":"product_cat-uncategorized","7":"product_cat-fun","9":"first","10":"instock","11":"sale","12":"taxable","13":"shipping-taxable","14":"purchasable","15":"product-type-simple"},"acf":[],"_links":{"self":[{"href":"https:\/\/linoexpress.com\/hr\/wp-json\/wp\/v2\/product\/14379","targetHints":{"allow":["GET"]}}],"collection":[{"href":"https:\/\/linoexpress.com\/hr\/wp-json\/wp\/v2\/product"}],"about":[{"href":"https:\/\/linoexpress.com\/hr\/wp-json\/wp\/v2\/types\/product"}],"replies":[{"embeddable":true,"href":"https:\/\/linoexpress.com\/hr\/wp-json\/wp\/v2\/comments?post=14379"}],"wp:featuredmedia":[{"embeddable":true,"href":"https:\/\/linoexpress.com\/hr\/wp-json\/wp\/v2\/media\/14380"}],"wp:attachment":[{"href":"https:\/\/linoexpress.com\/hr\/wp-json\/wp\/v2\/media?parent=14379"}],"wp:term":[{"taxonomy":"product_brand","embeddable":true,"href":"https:\/\/linoexpress.com\/hr\/wp-json\/wp\/v2\/product_brand?post=14379"},{"taxonomy":"product_cat","embeddable":true,"href":"https:\/\/linoexpress.com\/hr\/wp-json\/wp\/v2\/product_cat?post=14379"},{"taxonomy":"product_tag","embeddable":true,"href":"https:\/\/linoexpress.com\/hr\/wp-json\/wp\/v2\/product_tag?post=14379"}],"curies":[{"name":"wp","href":"https:\/\/api.w.org\/{rel}","templated":true}]}}