{"id":14470,"date":"2025-03-28T00:33:27","date_gmt":"2025-03-27T23:33:27","guid":{"rendered":"https:\/\/linoexpress.com\/hr\/?post_type=product&#038;p=14470"},"modified":"2025-09-18T10:27:34","modified_gmt":"2025-09-18T08:27:34","slug":"pozicioner-za-ugradnju-vrata-2","status":"publish","type":"product","link":"https:\/\/linoexpress.com\/hr\/proizvod\/pozicioner-za-ugradnju-vrata-2\/","title":{"rendered":"Pozicioner za ugradnju vrata"},"content":{"rendered":"","protected":false},"excerpt":{"rendered":"<p>Precizan i jednostavan alat za postavljanje vrata ormari\u0107a. Omogu\u0107uje brzo niveliranje i sigurnu monta\u017eu bez dodatne pomo\u0107i. Izra\u0111en od izdr\u017eljive aluminijske legure za dugotrajnu upotrebu.<\/p>\n","protected":false},"featured_media":14255,"comment_status":"closed","ping_status":"closed","template":"","meta":{"inline_featured_image":false},"product_brand":[],"product_cat":[25,15],"product_tag":[],"class_list":{"0":"post-14470","1":"product","2":"type-product","3":"status-publish","4":"has-post-thumbnail","6":"product_cat-car","7":"product_cat-uncategorized","9":"first","10":"instock","11":"sale","12":"taxable","13":"shipping-taxable","14":"purchasable","15":"product-type-simple"},"acf":[],"_links":{"self":[{"href":"https:\/\/linoexpress.com\/hr\/wp-json\/wp\/v2\/product\/14470","targetHints":{"allow":["GET"]}}],"collection":[{"href":"https:\/\/linoexpress.com\/hr\/wp-json\/wp\/v2\/product"}],"about":[{"href":"https:\/\/linoexpress.com\/hr\/wp-json\/wp\/v2\/types\/product"}],"replies":[{"embeddable":true,"href":"https:\/\/linoexpress.com\/hr\/wp-json\/wp\/v2\/comments?post=14470"}],"wp:featuredmedia":[{"embeddable":true,"href":"https:\/\/linoexpress.com\/hr\/wp-json\/wp\/v2\/media\/14255"}],"wp:attachment":[{"href":"https:\/\/linoexpress.com\/hr\/wp-json\/wp\/v2\/media?parent=14470"}],"wp:term":[{"taxonomy":"product_brand","embeddable":true,"href":"https:\/\/linoexpress.com\/hr\/wp-json\/wp\/v2\/product_brand?post=14470"},{"taxonomy":"product_cat","embeddable":true,"href":"https:\/\/linoexpress.com\/hr\/wp-json\/wp\/v2\/product_cat?post=14470"},{"taxonomy":"product_tag","embeddable":true,"href":"https:\/\/linoexpress.com\/hr\/wp-json\/wp\/v2\/product_tag?post=14470"}],"curies":[{"name":"wp","href":"https:\/\/api.w.org\/{rel}","templated":true}]}}