{"id":14519,"date":"2025-04-04T11:47:59","date_gmt":"2025-04-04T09:47:59","guid":{"rendered":"https:\/\/linoexpress.com\/hr\/?post_type=product&#038;p=14519"},"modified":"2025-09-18T09:57:53","modified_gmt":"2025-09-18T07:57:53","slug":"maske-realnog-lica-2","status":"publish","type":"product","link":"https:\/\/linoexpress.com\/hr\/proizvod\/maske-realnog-lica-2\/","title":{"rendered":"Maske realnog lica"},"content":{"rendered":"","protected":false},"excerpt":{"rendered":"<p>Pretvorite se u nekog drugog u trenu!<br \/>\nRealisti\u010dne maske visokog kvaliteta izra\u0111ene od prirodnog lateksa. Savr\u0161ene za Halloween, maskenbale, tematske zabave ili nezaboravne \u0161ale s prijateljima.<\/p>\n","protected":false},"featured_media":14520,"comment_status":"closed","ping_status":"closed","template":"","meta":{"inline_featured_image":false},"product_brand":[],"product_cat":[27,24,15,35],"product_tag":[],"class_list":{"0":"post-14519","1":"product","2":"type-product","3":"status-publish","4":"has-post-thumbnail","6":"product_cat-home","7":"product_cat-sale","8":"product_cat-uncategorized","9":"product_cat-fun","11":"first","12":"instock","13":"sale","14":"taxable","15":"shipping-taxable","16":"purchasable","17":"product-type-simple"},"acf":[],"_links":{"self":[{"href":"https:\/\/linoexpress.com\/hr\/wp-json\/wp\/v2\/product\/14519","targetHints":{"allow":["GET"]}}],"collection":[{"href":"https:\/\/linoexpress.com\/hr\/wp-json\/wp\/v2\/product"}],"about":[{"href":"https:\/\/linoexpress.com\/hr\/wp-json\/wp\/v2\/types\/product"}],"replies":[{"embeddable":true,"href":"https:\/\/linoexpress.com\/hr\/wp-json\/wp\/v2\/comments?post=14519"}],"wp:featuredmedia":[{"embeddable":true,"href":"https:\/\/linoexpress.com\/hr\/wp-json\/wp\/v2\/media\/14520"}],"wp:attachment":[{"href":"https:\/\/linoexpress.com\/hr\/wp-json\/wp\/v2\/media?parent=14519"}],"wp:term":[{"taxonomy":"product_brand","embeddable":true,"href":"https:\/\/linoexpress.com\/hr\/wp-json\/wp\/v2\/product_brand?post=14519"},{"taxonomy":"product_cat","embeddable":true,"href":"https:\/\/linoexpress.com\/hr\/wp-json\/wp\/v2\/product_cat?post=14519"},{"taxonomy":"product_tag","embeddable":true,"href":"https:\/\/linoexpress.com\/hr\/wp-json\/wp\/v2\/product_tag?post=14519"}],"curies":[{"name":"wp","href":"https:\/\/api.w.org\/{rel}","templated":true}]}}