{"id":14562,"date":"2025-04-09T09:19:59","date_gmt":"2025-04-09T07:19:59","guid":{"rendered":"https:\/\/linoexpress.com\/hr\/?post_type=product&#038;p=14562"},"modified":"2025-09-18T09:58:07","modified_gmt":"2025-09-18T07:58:07","slug":"2-u-1-elektricni-i-rucni-automobil-2","status":"publish","type":"product","link":"https:\/\/linoexpress.com\/hr\/proizvod\/2-u-1-elektricni-i-rucni-automobil-2\/","title":{"rendered":"2 u 1 elektri\u010dni i ru\u010dni automobil"},"content":{"rendered":"","protected":false},"excerpt":{"rendered":"<p>Ovaj inovativni auti\u0107 djeci pru\u017ea dvostruku zabavu i fleksibilnost. Mogu ga koristiti ru\u010dno okretanjem volana ili aktivirati elektri\u010dni pogon za jo\u0161 udobniju vo\u017enju. Idealan je za igru \u200b\u200bu zatvorenom i na otvorenom, sa sigurnim i stabilnim dizajnom koji osigurava bezbri\u017enu igru.<\/p>\n","protected":false},"featured_media":14565,"comment_status":"closed","ping_status":"closed","template":"","meta":{"inline_featured_image":false},"product_brand":[],"product_cat":[27,24,15,35],"product_tag":[],"class_list":{"0":"post-14562","1":"product","2":"type-product","3":"status-publish","4":"has-post-thumbnail","6":"product_cat-home","7":"product_cat-sale","8":"product_cat-uncategorized","9":"product_cat-fun","11":"first","12":"instock","13":"sale","14":"taxable","15":"shipping-taxable","16":"purchasable","17":"product-type-simple"},"acf":[],"_links":{"self":[{"href":"https:\/\/linoexpress.com\/hr\/wp-json\/wp\/v2\/product\/14562","targetHints":{"allow":["GET"]}}],"collection":[{"href":"https:\/\/linoexpress.com\/hr\/wp-json\/wp\/v2\/product"}],"about":[{"href":"https:\/\/linoexpress.com\/hr\/wp-json\/wp\/v2\/types\/product"}],"replies":[{"embeddable":true,"href":"https:\/\/linoexpress.com\/hr\/wp-json\/wp\/v2\/comments?post=14562"}],"wp:featuredmedia":[{"embeddable":true,"href":"https:\/\/linoexpress.com\/hr\/wp-json\/wp\/v2\/media\/14565"}],"wp:attachment":[{"href":"https:\/\/linoexpress.com\/hr\/wp-json\/wp\/v2\/media?parent=14562"}],"wp:term":[{"taxonomy":"product_brand","embeddable":true,"href":"https:\/\/linoexpress.com\/hr\/wp-json\/wp\/v2\/product_brand?post=14562"},{"taxonomy":"product_cat","embeddable":true,"href":"https:\/\/linoexpress.com\/hr\/wp-json\/wp\/v2\/product_cat?post=14562"},{"taxonomy":"product_tag","embeddable":true,"href":"https:\/\/linoexpress.com\/hr\/wp-json\/wp\/v2\/product_tag?post=14562"}],"curies":[{"name":"wp","href":"https:\/\/api.w.org\/{rel}","templated":true}]}}