{"id":14907,"date":"2025-06-20T00:02:33","date_gmt":"2025-06-19T22:02:33","guid":{"rendered":"https:\/\/linoexpress.com\/hr\/?post_type=product&#038;p=14907"},"modified":"2025-06-20T01:19:51","modified_gmt":"2025-06-19T23:19:51","slug":"turbo-zracni-puhac","status":"publish","type":"product","link":"https:\/\/linoexpress.com\/hr\/proizvod\/turbo-zracni-puhac\/","title":{"rendered":"Turbo zra\u010dni puha\u010d"},"content":{"rendered":"","protected":false},"excerpt":{"rendered":"<p>Be\u017ei\u010dni turbo puha\u010d je sna\u017ean vi\u0161enamjenski alat za \u010di\u0161\u0107enje, su\u0161enje i napuhavanje. Idealan za automobil, elektroniku, dom i vanjsku upotrebu. Kompaktan, a vrlo mo\u0107an \u2013 va\u0161e dnevne zadatke \u010dini br\u017eim i lak\u0161im.<\/p>\n","protected":false},"featured_media":14919,"comment_status":"closed","ping_status":"closed","template":"","meta":{"inline_featured_image":false},"product_brand":[],"product_cat":[27,24,15,35],"product_tag":[],"class_list":{"0":"post-14907","1":"product","2":"type-product","3":"status-publish","4":"has-post-thumbnail","6":"product_cat-home","7":"product_cat-sale","8":"product_cat-uncategorized","9":"product_cat-fun","11":"first","12":"instock","13":"sale","14":"taxable","15":"shipping-taxable","16":"purchasable","17":"product-type-simple"},"acf":[],"_links":{"self":[{"href":"https:\/\/linoexpress.com\/hr\/wp-json\/wp\/v2\/product\/14907","targetHints":{"allow":["GET"]}}],"collection":[{"href":"https:\/\/linoexpress.com\/hr\/wp-json\/wp\/v2\/product"}],"about":[{"href":"https:\/\/linoexpress.com\/hr\/wp-json\/wp\/v2\/types\/product"}],"replies":[{"embeddable":true,"href":"https:\/\/linoexpress.com\/hr\/wp-json\/wp\/v2\/comments?post=14907"}],"wp:featuredmedia":[{"embeddable":true,"href":"https:\/\/linoexpress.com\/hr\/wp-json\/wp\/v2\/media\/14919"}],"wp:attachment":[{"href":"https:\/\/linoexpress.com\/hr\/wp-json\/wp\/v2\/media?parent=14907"}],"wp:term":[{"taxonomy":"product_brand","embeddable":true,"href":"https:\/\/linoexpress.com\/hr\/wp-json\/wp\/v2\/product_brand?post=14907"},{"taxonomy":"product_cat","embeddable":true,"href":"https:\/\/linoexpress.com\/hr\/wp-json\/wp\/v2\/product_cat?post=14907"},{"taxonomy":"product_tag","embeddable":true,"href":"https:\/\/linoexpress.com\/hr\/wp-json\/wp\/v2\/product_tag?post=14907"}],"curies":[{"name":"wp","href":"https:\/\/api.w.org\/{rel}","templated":true}]}}