{"id":14935,"date":"2025-06-25T01:03:59","date_gmt":"2025-06-24T23:03:59","guid":{"rendered":"https:\/\/linoexpress.com\/hr\/?post_type=product&#038;p=14935"},"modified":"2025-06-25T16:04:04","modified_gmt":"2025-06-25T14:04:04","slug":"akrilno-zidno-ogledalo","status":"publish","type":"product","link":"https:\/\/linoexpress.com\/hr\/proizvod\/akrilno-zidno-ogledalo\/","title":{"rendered":"Akrilno zidno ogledalo"},"content":{"rendered":"","protected":false},"excerpt":{"rendered":"<p data-start=\"3703\" data-end=\"3936\">Sigurno, prakti\u010dno i iznimno otporno \u2013 akrilno ogledalo idealno je za svaki dom. Ne lomi se kao staklo i lako se postavlja na zid bez alata. Savr\u0161eno rje\u0161enje za sigurno ogledavanje i vizualno pro\u0161irenje prostora.<\/p>\n<p data-start=\"3938\" data-end=\"3999\">\n","protected":false},"featured_media":14942,"comment_status":"closed","ping_status":"closed","template":"","meta":{"inline_featured_image":false},"product_brand":[],"product_cat":[27,24,15,35],"product_tag":[],"class_list":{"0":"post-14935","1":"product","2":"type-product","3":"status-publish","4":"has-post-thumbnail","6":"product_cat-home","7":"product_cat-sale","8":"product_cat-uncategorized","9":"product_cat-fun","11":"first","12":"instock","13":"sale","14":"taxable","15":"shipping-taxable","16":"purchasable","17":"product-type-simple"},"acf":[],"_links":{"self":[{"href":"https:\/\/linoexpress.com\/hr\/wp-json\/wp\/v2\/product\/14935","targetHints":{"allow":["GET"]}}],"collection":[{"href":"https:\/\/linoexpress.com\/hr\/wp-json\/wp\/v2\/product"}],"about":[{"href":"https:\/\/linoexpress.com\/hr\/wp-json\/wp\/v2\/types\/product"}],"replies":[{"embeddable":true,"href":"https:\/\/linoexpress.com\/hr\/wp-json\/wp\/v2\/comments?post=14935"}],"wp:featuredmedia":[{"embeddable":true,"href":"https:\/\/linoexpress.com\/hr\/wp-json\/wp\/v2\/media\/14942"}],"wp:attachment":[{"href":"https:\/\/linoexpress.com\/hr\/wp-json\/wp\/v2\/media?parent=14935"}],"wp:term":[{"taxonomy":"product_brand","embeddable":true,"href":"https:\/\/linoexpress.com\/hr\/wp-json\/wp\/v2\/product_brand?post=14935"},{"taxonomy":"product_cat","embeddable":true,"href":"https:\/\/linoexpress.com\/hr\/wp-json\/wp\/v2\/product_cat?post=14935"},{"taxonomy":"product_tag","embeddable":true,"href":"https:\/\/linoexpress.com\/hr\/wp-json\/wp\/v2\/product_tag?post=14935"}],"curies":[{"name":"wp","href":"https:\/\/api.w.org\/{rel}","templated":true}]}}