{"id":14959,"date":"2025-06-25T19:29:36","date_gmt":"2025-06-25T17:29:36","guid":{"rendered":"https:\/\/linoexpress.com\/hr\/?post_type=product&#038;p=14959"},"modified":"2025-06-26T11:19:20","modified_gmt":"2025-06-26T09:19:20","slug":"luksuzna-garaza-za-kolekcionarske-modele-automobila","status":"publish","type":"product","link":"https:\/\/linoexpress.com\/hr\/proizvod\/luksuzna-garaza-za-kolekcionarske-modele-automobila\/","title":{"rendered":"Luksuzna gara\u017ea za kolekcionarske modele automobila"},"content":{"rendered":"","protected":false},"excerpt":{"rendered":"<p data-start=\"1283\" data-end=\"1642\">Ova luksuzna mini gara\u017ea predstavlja savr\u0161eno rje\u0161enje za izlaganje va\u0161ih kolekcionarskih modela automobila. Sa stilskim LED osvjetljenjem i modernim dizajnom, pru\u017ea elegantan prostor za jedan model. Mo\u017eete naru\u010diti vi\u0161e gara\u017ea i tako organizirati ve\u0107u kolekciju. Izra\u0111ena je od visokokvalitetnih materijala, \u0161to jam\u010di dugotrajnost i sigurnost va\u0161e kolekcije.<\/p>\n","protected":false},"featured_media":14965,"comment_status":"closed","ping_status":"closed","template":"","meta":{"inline_featured_image":false},"product_brand":[],"product_cat":[27,24,15,35],"product_tag":[],"class_list":{"0":"post-14959","1":"product","2":"type-product","3":"status-publish","4":"has-post-thumbnail","6":"product_cat-home","7":"product_cat-sale","8":"product_cat-uncategorized","9":"product_cat-fun","11":"first","12":"instock","13":"sale","14":"taxable","15":"shipping-taxable","16":"purchasable","17":"product-type-simple"},"acf":[],"_links":{"self":[{"href":"https:\/\/linoexpress.com\/hr\/wp-json\/wp\/v2\/product\/14959","targetHints":{"allow":["GET"]}}],"collection":[{"href":"https:\/\/linoexpress.com\/hr\/wp-json\/wp\/v2\/product"}],"about":[{"href":"https:\/\/linoexpress.com\/hr\/wp-json\/wp\/v2\/types\/product"}],"replies":[{"embeddable":true,"href":"https:\/\/linoexpress.com\/hr\/wp-json\/wp\/v2\/comments?post=14959"}],"wp:featuredmedia":[{"embeddable":true,"href":"https:\/\/linoexpress.com\/hr\/wp-json\/wp\/v2\/media\/14965"}],"wp:attachment":[{"href":"https:\/\/linoexpress.com\/hr\/wp-json\/wp\/v2\/media?parent=14959"}],"wp:term":[{"taxonomy":"product_brand","embeddable":true,"href":"https:\/\/linoexpress.com\/hr\/wp-json\/wp\/v2\/product_brand?post=14959"},{"taxonomy":"product_cat","embeddable":true,"href":"https:\/\/linoexpress.com\/hr\/wp-json\/wp\/v2\/product_cat?post=14959"},{"taxonomy":"product_tag","embeddable":true,"href":"https:\/\/linoexpress.com\/hr\/wp-json\/wp\/v2\/product_tag?post=14959"}],"curies":[{"name":"wp","href":"https:\/\/api.w.org\/{rel}","templated":true}]}}