{"id":15248,"date":"2025-07-24T21:18:30","date_gmt":"2025-07-24T19:18:30","guid":{"rendered":"https:\/\/linoexpress.com\/hr\/?post_type=product&#038;p=15248"},"modified":"2025-07-24T22:28:30","modified_gmt":"2025-07-24T20:28:30","slug":"rotirajuca-kosara-za-rostilj","status":"publish","type":"product","link":"https:\/\/linoexpress.com\/hr\/proizvod\/rotirajuca-kosara-za-rostilj\/","title":{"rendered":"Rotiraju\u0107a ko\u0161ara za ro\u0161tilj"},"content":{"rendered":"","protected":false},"excerpt":{"rendered":"<p>Prakti\u010dna i inovativna ko\u0161ara za pe\u010denje koja ravnomjerno rotira hranu za savr\u0161en okus. Idealna za povr\u0107e, meso i ora\u0161aste plodove. \u0160tedi vrijeme, prostor i omogu\u0107ava potpuno u\u017eivanje u ro\u0161tiljanju.<\/p>\n","protected":false},"featured_media":15262,"comment_status":"closed","ping_status":"closed","template":"","meta":{"inline_featured_image":false},"product_brand":[],"product_cat":[25,27,15],"product_tag":[],"class_list":{"0":"post-15248","1":"product","2":"type-product","3":"status-publish","4":"has-post-thumbnail","6":"product_cat-car","7":"product_cat-home","8":"product_cat-uncategorized","10":"first","11":"instock","12":"sale","13":"taxable","14":"shipping-taxable","15":"purchasable","16":"product-type-simple"},"acf":[],"_links":{"self":[{"href":"https:\/\/linoexpress.com\/hr\/wp-json\/wp\/v2\/product\/15248","targetHints":{"allow":["GET"]}}],"collection":[{"href":"https:\/\/linoexpress.com\/hr\/wp-json\/wp\/v2\/product"}],"about":[{"href":"https:\/\/linoexpress.com\/hr\/wp-json\/wp\/v2\/types\/product"}],"replies":[{"embeddable":true,"href":"https:\/\/linoexpress.com\/hr\/wp-json\/wp\/v2\/comments?post=15248"}],"wp:featuredmedia":[{"embeddable":true,"href":"https:\/\/linoexpress.com\/hr\/wp-json\/wp\/v2\/media\/15262"}],"wp:attachment":[{"href":"https:\/\/linoexpress.com\/hr\/wp-json\/wp\/v2\/media?parent=15248"}],"wp:term":[{"taxonomy":"product_brand","embeddable":true,"href":"https:\/\/linoexpress.com\/hr\/wp-json\/wp\/v2\/product_brand?post=15248"},{"taxonomy":"product_cat","embeddable":true,"href":"https:\/\/linoexpress.com\/hr\/wp-json\/wp\/v2\/product_cat?post=15248"},{"taxonomy":"product_tag","embeddable":true,"href":"https:\/\/linoexpress.com\/hr\/wp-json\/wp\/v2\/product_tag?post=15248"}],"curies":[{"name":"wp","href":"https:\/\/api.w.org\/{rel}","templated":true}]}}