{"id":15464,"date":"2025-08-26T12:05:23","date_gmt":"2025-08-26T10:05:23","guid":{"rendered":"https:\/\/linoexpress.com\/hr\/?post_type=product&#038;p=15464"},"modified":"2025-08-26T13:22:56","modified_gmt":"2025-08-26T11:22:56","slug":"tiha-lopta-za-beskrajnu-igru-silent-basketball","status":"publish","type":"product","link":"https:\/\/linoexpress.com\/hr\/proizvod\/tiha-lopta-za-beskrajnu-igru-silent-basketball\/","title":{"rendered":"Tiha lopta za beskrajnu igru \u2013 Silent Basketball"},"content":{"rendered":"","protected":false},"excerpt":{"rendered":"<p>Zamislite ko\u0161arka\u0161ku loptu koja ne stvara buku, ne o\u0161te\u0107uje namje\u0161taj i sigurna je za igru u stanu. Upravo to donosi Silent Basketball \u2013 lagana i elasti\u010dna lopta stvorena za sate zabave.<br data-start=\"3160\" data-end=\"3163\" \/>Bez pumpanja, bez ograni\u010denja, samo \u010dista igra!<\/p>\n","protected":false},"featured_media":15469,"comment_status":"closed","ping_status":"closed","template":"","meta":{"inline_featured_image":false},"product_brand":[],"product_cat":[25,27,15],"product_tag":[],"class_list":{"0":"post-15464","1":"product","2":"type-product","3":"status-publish","4":"has-post-thumbnail","6":"product_cat-car","7":"product_cat-home","8":"product_cat-uncategorized","10":"first","11":"instock","12":"sale","13":"taxable","14":"shipping-taxable","15":"purchasable","16":"product-type-simple"},"acf":[],"_links":{"self":[{"href":"https:\/\/linoexpress.com\/hr\/wp-json\/wp\/v2\/product\/15464","targetHints":{"allow":["GET"]}}],"collection":[{"href":"https:\/\/linoexpress.com\/hr\/wp-json\/wp\/v2\/product"}],"about":[{"href":"https:\/\/linoexpress.com\/hr\/wp-json\/wp\/v2\/types\/product"}],"replies":[{"embeddable":true,"href":"https:\/\/linoexpress.com\/hr\/wp-json\/wp\/v2\/comments?post=15464"}],"wp:featuredmedia":[{"embeddable":true,"href":"https:\/\/linoexpress.com\/hr\/wp-json\/wp\/v2\/media\/15469"}],"wp:attachment":[{"href":"https:\/\/linoexpress.com\/hr\/wp-json\/wp\/v2\/media?parent=15464"}],"wp:term":[{"taxonomy":"product_brand","embeddable":true,"href":"https:\/\/linoexpress.com\/hr\/wp-json\/wp\/v2\/product_brand?post=15464"},{"taxonomy":"product_cat","embeddable":true,"href":"https:\/\/linoexpress.com\/hr\/wp-json\/wp\/v2\/product_cat?post=15464"},{"taxonomy":"product_tag","embeddable":true,"href":"https:\/\/linoexpress.com\/hr\/wp-json\/wp\/v2\/product_tag?post=15464"}],"curies":[{"name":"wp","href":"https:\/\/api.w.org\/{rel}","templated":true}]}}