{"id":15757,"date":"2025-10-17T11:52:13","date_gmt":"2025-10-17T09:52:13","guid":{"rendered":"https:\/\/linoexpress.com\/hr\/?post_type=product&#038;p=15757"},"modified":"2026-03-10T23:43:06","modified_gmt":"2026-03-10T22:43:06","slug":"zvucna-knjiga-za-ucenje-engleskog","status":"publish","type":"product","link":"https:\/\/linoexpress.com\/hr\/proizvod\/zvucna-knjiga-za-ucenje-engleskog\/","title":{"rendered":"Zvu\u010dna knjiga za u\u010denje engleskog"},"content":{"rendered":"","protected":false},"excerpt":{"rendered":"<p>Interaktivna knjiga sa zvukom poma\u017ee djeci da nau\u010de vi\u0161e od 470 rije\u010di na engleskom jeziku kroz 21 temu, kvizove i pjesmice.<\/p>\n<p>Idealna je za ku\u0107nu upotrebu, vrti\u0107, \u0161kolu ili kao edukativni poklon.<\/p>\n<p>Knjiga kombinira zabavu i u\u010denje, poti\u010du\u0107i djecu na samostalno istra\u017eivanje i govor.<\/p>\n","protected":false},"featured_media":15762,"comment_status":"closed","ping_status":"closed","template":"","meta":{"inline_featured_image":false},"product_brand":[],"product_cat":[25,27,15,35],"product_tag":[],"class_list":{"0":"post-15757","1":"product","2":"type-product","3":"status-publish","4":"has-post-thumbnail","6":"product_cat-car","7":"product_cat-home","8":"product_cat-uncategorized","9":"product_cat-fun","11":"first","12":"instock","13":"sale","14":"taxable","15":"shipping-taxable","16":"purchasable","17":"product-type-simple"},"acf":[],"_links":{"self":[{"href":"https:\/\/linoexpress.com\/hr\/wp-json\/wp\/v2\/product\/15757","targetHints":{"allow":["GET"]}}],"collection":[{"href":"https:\/\/linoexpress.com\/hr\/wp-json\/wp\/v2\/product"}],"about":[{"href":"https:\/\/linoexpress.com\/hr\/wp-json\/wp\/v2\/types\/product"}],"replies":[{"embeddable":true,"href":"https:\/\/linoexpress.com\/hr\/wp-json\/wp\/v2\/comments?post=15757"}],"wp:featuredmedia":[{"embeddable":true,"href":"https:\/\/linoexpress.com\/hr\/wp-json\/wp\/v2\/media\/15762"}],"wp:attachment":[{"href":"https:\/\/linoexpress.com\/hr\/wp-json\/wp\/v2\/media?parent=15757"}],"wp:term":[{"taxonomy":"product_brand","embeddable":true,"href":"https:\/\/linoexpress.com\/hr\/wp-json\/wp\/v2\/product_brand?post=15757"},{"taxonomy":"product_cat","embeddable":true,"href":"https:\/\/linoexpress.com\/hr\/wp-json\/wp\/v2\/product_cat?post=15757"},{"taxonomy":"product_tag","embeddable":true,"href":"https:\/\/linoexpress.com\/hr\/wp-json\/wp\/v2\/product_tag?post=15757"}],"curies":[{"name":"wp","href":"https:\/\/api.w.org\/{rel}","templated":true}]}}