{"id":15778,"date":"2025-10-17T16:24:03","date_gmt":"2025-10-17T14:24:03","guid":{"rendered":"https:\/\/linoexpress.com\/hr\/?post_type=product&#038;p=15778"},"modified":"2026-03-10T23:44:11","modified_gmt":"2026-03-10T22:44:11","slug":"emotivna-plisana-igracka-kuschelkoala","status":"publish","type":"product","link":"https:\/\/linoexpress.com\/hr\/proizvod\/emotivna-plisana-igracka-kuschelkoala\/","title":{"rendered":"Emotivna pli\u0161ana igra\u010dka &#8211; KuschelKoala"},"content":{"rendered":"","protected":false},"excerpt":{"rendered":"<p>KuschelKoala je vi\u0161e od obi\u010dne pli\u0161ane igra\u010dke \u2013 to je mali emotivni pratitelj. Njena mekana i mazna tekstura pru\u017ea osje\u0107aj sigurnosti, smiruje stres i usamljenost, te poti\u010de osloba\u0111anje hormona sre\u0107e \u2013 oksitocina. Idealan je za djecu i odrasle, bilo kod ku\u0107e, na putovanju ili kao stalni izvor utjehe.<\/p>\n","protected":false},"featured_media":15780,"comment_status":"closed","ping_status":"closed","template":"","meta":{"inline_featured_image":false},"product_brand":[],"product_cat":[25,27,15,35],"product_tag":[],"class_list":{"0":"post-15778","1":"product","2":"type-product","3":"status-publish","4":"has-post-thumbnail","6":"product_cat-car","7":"product_cat-home","8":"product_cat-uncategorized","9":"product_cat-fun","11":"first","12":"instock","13":"sale","14":"taxable","15":"shipping-taxable","16":"purchasable","17":"product-type-simple"},"acf":[],"_links":{"self":[{"href":"https:\/\/linoexpress.com\/hr\/wp-json\/wp\/v2\/product\/15778","targetHints":{"allow":["GET"]}}],"collection":[{"href":"https:\/\/linoexpress.com\/hr\/wp-json\/wp\/v2\/product"}],"about":[{"href":"https:\/\/linoexpress.com\/hr\/wp-json\/wp\/v2\/types\/product"}],"replies":[{"embeddable":true,"href":"https:\/\/linoexpress.com\/hr\/wp-json\/wp\/v2\/comments?post=15778"}],"wp:featuredmedia":[{"embeddable":true,"href":"https:\/\/linoexpress.com\/hr\/wp-json\/wp\/v2\/media\/15780"}],"wp:attachment":[{"href":"https:\/\/linoexpress.com\/hr\/wp-json\/wp\/v2\/media?parent=15778"}],"wp:term":[{"taxonomy":"product_brand","embeddable":true,"href":"https:\/\/linoexpress.com\/hr\/wp-json\/wp\/v2\/product_brand?post=15778"},{"taxonomy":"product_cat","embeddable":true,"href":"https:\/\/linoexpress.com\/hr\/wp-json\/wp\/v2\/product_cat?post=15778"},{"taxonomy":"product_tag","embeddable":true,"href":"https:\/\/linoexpress.com\/hr\/wp-json\/wp\/v2\/product_tag?post=15778"}],"curies":[{"name":"wp","href":"https:\/\/api.w.org\/{rel}","templated":true}]}}