{"id":15818,"date":"2025-10-20T23:38:49","date_gmt":"2025-10-20T21:38:49","guid":{"rendered":"https:\/\/linoexpress.com\/hr\/?post_type=product&#038;p=15818"},"modified":"2026-03-10T23:44:30","modified_gmt":"2026-03-10T22:44:30","slug":"traka-za-pomoc-pri-zgibovima-fitband-pro","status":"publish","type":"product","link":"https:\/\/linoexpress.com\/hr\/proizvod\/traka-za-pomoc-pri-zgibovima-fitband-pro\/","title":{"rendered":"Traka za pomo\u0107 pri zgibovima \u2013 FitBand Pro"},"content":{"rendered":"","protected":false},"excerpt":{"rendered":"<p>Unaprijedi svoj ku\u0107ni trening uz traku za zgibove koja pru\u017ea stabilnost, sigurnost i u\u010dinkovitost u svakom pokretu. Bez partnera i nepotrebnog optere\u0107enja \u2013 samo ti, tvoja snaga i pametan alat za vje\u017ebanje. Savr\u0161ena je i za po\u010detnike i za napredne sporta\u0161e koji \u017eele oja\u010dati gornji dio tijela i usavr\u0161iti tehniku zgibova.<\/p>\n","protected":false},"featured_media":15822,"comment_status":"closed","ping_status":"closed","template":"","meta":{"inline_featured_image":false},"product_brand":[],"product_cat":[27,24,15,35],"product_tag":[],"class_list":{"0":"post-15818","1":"product","2":"type-product","3":"status-publish","4":"has-post-thumbnail","6":"product_cat-home","7":"product_cat-sale","8":"product_cat-uncategorized","9":"product_cat-fun","11":"first","12":"instock","13":"sale","14":"taxable","15":"shipping-taxable","16":"purchasable","17":"product-type-simple"},"acf":[],"_links":{"self":[{"href":"https:\/\/linoexpress.com\/hr\/wp-json\/wp\/v2\/product\/15818","targetHints":{"allow":["GET"]}}],"collection":[{"href":"https:\/\/linoexpress.com\/hr\/wp-json\/wp\/v2\/product"}],"about":[{"href":"https:\/\/linoexpress.com\/hr\/wp-json\/wp\/v2\/types\/product"}],"replies":[{"embeddable":true,"href":"https:\/\/linoexpress.com\/hr\/wp-json\/wp\/v2\/comments?post=15818"}],"wp:featuredmedia":[{"embeddable":true,"href":"https:\/\/linoexpress.com\/hr\/wp-json\/wp\/v2\/media\/15822"}],"wp:attachment":[{"href":"https:\/\/linoexpress.com\/hr\/wp-json\/wp\/v2\/media?parent=15818"}],"wp:term":[{"taxonomy":"product_brand","embeddable":true,"href":"https:\/\/linoexpress.com\/hr\/wp-json\/wp\/v2\/product_brand?post=15818"},{"taxonomy":"product_cat","embeddable":true,"href":"https:\/\/linoexpress.com\/hr\/wp-json\/wp\/v2\/product_cat?post=15818"},{"taxonomy":"product_tag","embeddable":true,"href":"https:\/\/linoexpress.com\/hr\/wp-json\/wp\/v2\/product_tag?post=15818"}],"curies":[{"name":"wp","href":"https:\/\/api.w.org\/{rel}","templated":true}]}}