{"id":15849,"date":"2025-10-22T23:27:17","date_gmt":"2025-10-22T21:27:17","guid":{"rendered":"https:\/\/linoexpress.com\/hr\/?post_type=product&#038;p=15849"},"modified":"2026-03-10T23:45:46","modified_gmt":"2026-03-10T22:45:46","slug":"boxing-set-za-djecu","status":"publish","type":"product","link":"https:\/\/linoexpress.com\/hr\/proizvod\/boxing-set-za-djecu\/","title":{"rendered":"Boxing set za djecu"},"content":{"rendered":"","protected":false},"excerpt":{"rendered":"<p>Zabavan i siguran na\u010din da djeca tro\u0161e vi\u0161ak energije, razvijaju kondiciju i koordinaciju! Ovaj set poti\u010de ljubav prema sportu, poma\u017ee u izgradnji zdravih navika i smanjenju stresa kod mali\u0161ana. Kvalitetna i sigurna izrada jam\u010di dugotrajnu i sigurnu upotrebu.<\/p>\n","protected":false},"featured_media":15855,"comment_status":"closed","ping_status":"closed","template":"","meta":{"inline_featured_image":false},"product_brand":[],"product_cat":[25,27,15,35,26],"product_tag":[],"class_list":{"0":"post-15849","1":"product","2":"type-product","3":"status-publish","4":"has-post-thumbnail","6":"product_cat-car","7":"product_cat-home","8":"product_cat-uncategorized","9":"product_cat-fun","10":"product_cat-health","12":"first","13":"instock","14":"sale","15":"taxable","16":"shipping-taxable","17":"purchasable","18":"product-type-simple"},"acf":[],"_links":{"self":[{"href":"https:\/\/linoexpress.com\/hr\/wp-json\/wp\/v2\/product\/15849","targetHints":{"allow":["GET"]}}],"collection":[{"href":"https:\/\/linoexpress.com\/hr\/wp-json\/wp\/v2\/product"}],"about":[{"href":"https:\/\/linoexpress.com\/hr\/wp-json\/wp\/v2\/types\/product"}],"replies":[{"embeddable":true,"href":"https:\/\/linoexpress.com\/hr\/wp-json\/wp\/v2\/comments?post=15849"}],"wp:featuredmedia":[{"embeddable":true,"href":"https:\/\/linoexpress.com\/hr\/wp-json\/wp\/v2\/media\/15855"}],"wp:attachment":[{"href":"https:\/\/linoexpress.com\/hr\/wp-json\/wp\/v2\/media?parent=15849"}],"wp:term":[{"taxonomy":"product_brand","embeddable":true,"href":"https:\/\/linoexpress.com\/hr\/wp-json\/wp\/v2\/product_brand?post=15849"},{"taxonomy":"product_cat","embeddable":true,"href":"https:\/\/linoexpress.com\/hr\/wp-json\/wp\/v2\/product_cat?post=15849"},{"taxonomy":"product_tag","embeddable":true,"href":"https:\/\/linoexpress.com\/hr\/wp-json\/wp\/v2\/product_tag?post=15849"}],"curies":[{"name":"wp","href":"https:\/\/api.w.org\/{rel}","templated":true}]}}