{"id":15902,"date":"2025-10-31T16:27:11","date_gmt":"2025-10-31T15:27:11","guid":{"rendered":"https:\/\/linoexpress.com\/hr\/?post_type=product&#038;p=15902"},"modified":"2026-03-10T23:45:55","modified_gmt":"2026-03-10T22:45:55","slug":"plisani-psic-robot","status":"publish","type":"product","link":"https:\/\/linoexpress.com\/hr\/proizvod\/plisani-psic-robot\/","title":{"rendered":"Pli\u0161ani psi\u0107 robot"},"content":{"rendered":"","protected":false},"excerpt":{"rendered":"<p>Ovaj preslatki pli\u0161ani psi\u0107 robot donosi veselje, toplinu i osmijeh svakom djetetu.<br data-start=\"388\" data-end=\"391\" \/>Savr\u0161en je suputnik za igru, ma\u017eenje i miran san \u2014 ba\u0161 poput pravog ku\u0107nog ljubimca.<br data-start=\"475\" data-end=\"478\" \/>Izra\u0111en od mekane, sigurne tkanine i opremljen interaktivnim funkcijama, ovaj psi\u0107 o\u017eivljava igru i stvara nezaboravne trenutke.<\/p>\n","protected":false},"featured_media":15907,"comment_status":"closed","ping_status":"closed","template":"","meta":{"inline_featured_image":false},"product_brand":[],"product_cat":[27,24,15,35],"product_tag":[],"class_list":{"0":"post-15902","1":"product","2":"type-product","3":"status-publish","4":"has-post-thumbnail","6":"product_cat-home","7":"product_cat-sale","8":"product_cat-uncategorized","9":"product_cat-fun","11":"first","12":"instock","13":"sale","14":"taxable","15":"shipping-taxable","16":"purchasable","17":"product-type-simple"},"acf":[],"_links":{"self":[{"href":"https:\/\/linoexpress.com\/hr\/wp-json\/wp\/v2\/product\/15902","targetHints":{"allow":["GET"]}}],"collection":[{"href":"https:\/\/linoexpress.com\/hr\/wp-json\/wp\/v2\/product"}],"about":[{"href":"https:\/\/linoexpress.com\/hr\/wp-json\/wp\/v2\/types\/product"}],"replies":[{"embeddable":true,"href":"https:\/\/linoexpress.com\/hr\/wp-json\/wp\/v2\/comments?post=15902"}],"wp:featuredmedia":[{"embeddable":true,"href":"https:\/\/linoexpress.com\/hr\/wp-json\/wp\/v2\/media\/15907"}],"wp:attachment":[{"href":"https:\/\/linoexpress.com\/hr\/wp-json\/wp\/v2\/media?parent=15902"}],"wp:term":[{"taxonomy":"product_brand","embeddable":true,"href":"https:\/\/linoexpress.com\/hr\/wp-json\/wp\/v2\/product_brand?post=15902"},{"taxonomy":"product_cat","embeddable":true,"href":"https:\/\/linoexpress.com\/hr\/wp-json\/wp\/v2\/product_cat?post=15902"},{"taxonomy":"product_tag","embeddable":true,"href":"https:\/\/linoexpress.com\/hr\/wp-json\/wp\/v2\/product_tag?post=15902"}],"curies":[{"name":"wp","href":"https:\/\/api.w.org\/{rel}","templated":true}]}}