{"id":15937,"date":"2025-11-05T17:59:55","date_gmt":"2025-11-05T16:59:55","guid":{"rendered":"https:\/\/linoexpress.com\/hr\/proizvod\/tracne-product\/"},"modified":"2026-03-10T23:40:43","modified_gmt":"2026-03-10T22:40:43","slug":"prenosivi-istezac-vrata","status":"publish","type":"product","link":"https:\/\/linoexpress.com\/hr\/proizvod\/prenosivi-istezac-vrata\/","title":{"rendered":"Prenosivi isteza\u010d vrata"},"content":{"rendered":"","protected":false},"excerpt":{"rendered":"<p>Recite zbogom uko\u010denosti i napetosti u vratu uz ovaj prenosivi isteza\u010d vrata koji mo\u017eete koristiti bilo kada i bilo gdje. Idealan je za oporavak nakon dugog rada za ra\u010dunalom, fizi\u010dke aktivnosti ili napornog dana. Pru\u017ea profesionalno istezanje i olak\u0161anje mi\u0161i\u0107a vrata i ramena \u2013 sve to u udobnosti va\u0161eg doma.<\/p>\n","protected":false},"featured_media":15938,"comment_status":"closed","ping_status":"closed","template":"","meta":{"inline_featured_image":false},"product_brand":[],"product_cat":[27,15,35,26],"product_tag":[],"class_list":{"0":"post-15937","1":"product","2":"type-product","3":"status-publish","4":"has-post-thumbnail","6":"product_cat-home","7":"product_cat-uncategorized","8":"product_cat-fun","9":"product_cat-health","11":"first","12":"instock","13":"sale","14":"taxable","15":"shipping-taxable","16":"purchasable","17":"product-type-simple"},"acf":[],"_links":{"self":[{"href":"https:\/\/linoexpress.com\/hr\/wp-json\/wp\/v2\/product\/15937","targetHints":{"allow":["GET"]}}],"collection":[{"href":"https:\/\/linoexpress.com\/hr\/wp-json\/wp\/v2\/product"}],"about":[{"href":"https:\/\/linoexpress.com\/hr\/wp-json\/wp\/v2\/types\/product"}],"replies":[{"embeddable":true,"href":"https:\/\/linoexpress.com\/hr\/wp-json\/wp\/v2\/comments?post=15937"}],"wp:featuredmedia":[{"embeddable":true,"href":"https:\/\/linoexpress.com\/hr\/wp-json\/wp\/v2\/media\/15938"}],"wp:attachment":[{"href":"https:\/\/linoexpress.com\/hr\/wp-json\/wp\/v2\/media?parent=15937"}],"wp:term":[{"taxonomy":"product_brand","embeddable":true,"href":"https:\/\/linoexpress.com\/hr\/wp-json\/wp\/v2\/product_brand?post=15937"},{"taxonomy":"product_cat","embeddable":true,"href":"https:\/\/linoexpress.com\/hr\/wp-json\/wp\/v2\/product_cat?post=15937"},{"taxonomy":"product_tag","embeddable":true,"href":"https:\/\/linoexpress.com\/hr\/wp-json\/wp\/v2\/product_tag?post=15937"}],"curies":[{"name":"wp","href":"https:\/\/api.w.org\/{rel}","templated":true}]}}