{"id":15955,"date":"2025-11-06T01:15:33","date_gmt":"2025-11-06T00:15:33","guid":{"rendered":"https:\/\/linoexpress.com\/hr\/proizvod\/pandy-product\/"},"modified":"2026-03-26T14:11:06","modified_gmt":"2026-03-26T13:11:06","slug":"umiljati-panda-terapeutski-plisanac","status":"publish","type":"product","link":"https:\/\/linoexpress.com\/hr\/proizvod\/umiljati-panda-terapeutski-plisanac\/","title":{"rendered":"Umiljati panda terapeutski pli\u0161anac"},"content":{"rendered":"","protected":false},"excerpt":{"rendered":"<p>Umiljati panda terapeutski pli\u0161anac stvoren je da pru\u017ei utjehu, sigurnost i mir svakome kome je potreban trenutak blagosti.<br \/>\nZahvaljuju\u0107i posebnom dizajnu s nje\u017enim pokretima i ugodnom te\u017einom, ova pandica opona\u0161a osje\u0107aj stvarnog zagrljaja i poti\u010de duboko opu\u0161tanje tijela i uma.<\/p>\n","protected":false},"featured_media":19382,"comment_status":"closed","ping_status":"closed","template":"","meta":{"inline_featured_image":false},"product_brand":[],"product_cat":[27,15,35,26],"product_tag":[],"class_list":{"0":"post-15955","1":"product","2":"type-product","3":"status-publish","4":"has-post-thumbnail","6":"product_cat-home","7":"product_cat-uncategorized","8":"product_cat-fun","9":"product_cat-health","11":"first","12":"instock","13":"sale","14":"taxable","15":"shipping-taxable","16":"purchasable","17":"product-type-simple"},"acf":[],"_links":{"self":[{"href":"https:\/\/linoexpress.com\/hr\/wp-json\/wp\/v2\/product\/15955","targetHints":{"allow":["GET"]}}],"collection":[{"href":"https:\/\/linoexpress.com\/hr\/wp-json\/wp\/v2\/product"}],"about":[{"href":"https:\/\/linoexpress.com\/hr\/wp-json\/wp\/v2\/types\/product"}],"replies":[{"embeddable":true,"href":"https:\/\/linoexpress.com\/hr\/wp-json\/wp\/v2\/comments?post=15955"}],"wp:featuredmedia":[{"embeddable":true,"href":"https:\/\/linoexpress.com\/hr\/wp-json\/wp\/v2\/media\/19382"}],"wp:attachment":[{"href":"https:\/\/linoexpress.com\/hr\/wp-json\/wp\/v2\/media?parent=15955"}],"wp:term":[{"taxonomy":"product_brand","embeddable":true,"href":"https:\/\/linoexpress.com\/hr\/wp-json\/wp\/v2\/product_brand?post=15955"},{"taxonomy":"product_cat","embeddable":true,"href":"https:\/\/linoexpress.com\/hr\/wp-json\/wp\/v2\/product_cat?post=15955"},{"taxonomy":"product_tag","embeddable":true,"href":"https:\/\/linoexpress.com\/hr\/wp-json\/wp\/v2\/product_tag?post=15955"}],"curies":[{"name":"wp","href":"https:\/\/api.w.org\/{rel}","templated":true}]}}