{"id":15971,"date":"2025-11-06T16:30:04","date_gmt":"2025-11-06T15:30:04","guid":{"rendered":"https:\/\/linoexpress.com\/hr\/proizvod\/musictrvo-product\/"},"modified":"2025-11-06T16:53:44","modified_gmt":"2025-11-06T15:53:44","slug":"glazbena-kutija-bozicni-vlak","status":"publish","type":"product","link":"https:\/\/linoexpress.com\/hr\/proizvod\/glazbena-kutija-bozicni-vlak\/","title":{"rendered":"Glazbena kutija Bo\u017ei\u0107ni vlak"},"content":{"rendered":"","protected":false},"excerpt":{"rendered":"<p>Retro dizajn vlaka s prekrasnim bo\u017ei\u0107nim motivima i blagdanskom glazbom stvara toplu, bajkovitu atmosferu u svakom domu. Ova elegantna dekoracija s Djedom Bo\u017ei\u0107njakom, poklonima i efektom snje\u017ene kugle savr\u0161en je izbor za blagdanski stol, kamin ili policu.<\/p>\n","protected":false},"featured_media":15972,"comment_status":"closed","ping_status":"closed","template":"","meta":{"inline_featured_image":false},"product_brand":[],"product_cat":[27,24,15,35],"product_tag":[],"class_list":{"0":"post-15971","1":"product","2":"type-product","3":"status-publish","4":"has-post-thumbnail","6":"product_cat-home","7":"product_cat-sale","8":"product_cat-uncategorized","9":"product_cat-fun","11":"first","12":"instock","13":"sale","14":"taxable","15":"shipping-taxable","16":"purchasable","17":"product-type-simple"},"acf":[],"_links":{"self":[{"href":"https:\/\/linoexpress.com\/hr\/wp-json\/wp\/v2\/product\/15971","targetHints":{"allow":["GET"]}}],"collection":[{"href":"https:\/\/linoexpress.com\/hr\/wp-json\/wp\/v2\/product"}],"about":[{"href":"https:\/\/linoexpress.com\/hr\/wp-json\/wp\/v2\/types\/product"}],"replies":[{"embeddable":true,"href":"https:\/\/linoexpress.com\/hr\/wp-json\/wp\/v2\/comments?post=15971"}],"wp:featuredmedia":[{"embeddable":true,"href":"https:\/\/linoexpress.com\/hr\/wp-json\/wp\/v2\/media\/15972"}],"wp:attachment":[{"href":"https:\/\/linoexpress.com\/hr\/wp-json\/wp\/v2\/media?parent=15971"}],"wp:term":[{"taxonomy":"product_brand","embeddable":true,"href":"https:\/\/linoexpress.com\/hr\/wp-json\/wp\/v2\/product_brand?post=15971"},{"taxonomy":"product_cat","embeddable":true,"href":"https:\/\/linoexpress.com\/hr\/wp-json\/wp\/v2\/product_cat?post=15971"},{"taxonomy":"product_tag","embeddable":true,"href":"https:\/\/linoexpress.com\/hr\/wp-json\/wp\/v2\/product_tag?post=15971"}],"curies":[{"name":"wp","href":"https:\/\/api.w.org\/{rel}","templated":true}]}}