{"id":16167,"date":"2025-11-12T11:44:31","date_gmt":"2025-11-12T10:44:31","guid":{"rendered":"https:\/\/linoexpress.com\/hr\/proizvod\/ulrep-product\/"},"modified":"2026-03-10T23:46:20","modified_gmt":"2026-03-10T22:46:20","slug":"ultrazvucna-zastita-od-glodavaca","status":"publish","type":"product","link":"https:\/\/linoexpress.com\/hr\/proizvod\/ultrazvucna-zastita-od-glodavaca\/","title":{"rendered":"Ultrazvu\u010dna za\u0161tita od glodavaca"},"content":{"rendered":"","protected":false},"excerpt":{"rendered":"<p>Elektroni\u010dki ure\u0111aj koji odbija mi\u0161eve i druge glodavce visokofrekventnim zvu\u010dnim valovima.<br \/>\nNeprimjetan je ljudskom uhu, a glodavcima izaziva nelagodu i odbojnost.<br \/>\nJednostavan je za kori\u0161tenje i siguran za ljude i ku\u0107ne ljubimce.<\/p>\n","protected":false},"featured_media":16168,"comment_status":"closed","ping_status":"closed","template":"","meta":{"inline_featured_image":false},"product_brand":[],"product_cat":[24,15,26],"product_tag":[],"class_list":{"0":"post-16167","1":"product","2":"type-product","3":"status-publish","4":"has-post-thumbnail","6":"product_cat-sale","7":"product_cat-uncategorized","8":"product_cat-health","10":"first","11":"instock","12":"sale","13":"taxable","14":"shipping-taxable","15":"purchasable","16":"product-type-simple"},"acf":[],"_links":{"self":[{"href":"https:\/\/linoexpress.com\/hr\/wp-json\/wp\/v2\/product\/16167","targetHints":{"allow":["GET"]}}],"collection":[{"href":"https:\/\/linoexpress.com\/hr\/wp-json\/wp\/v2\/product"}],"about":[{"href":"https:\/\/linoexpress.com\/hr\/wp-json\/wp\/v2\/types\/product"}],"replies":[{"embeddable":true,"href":"https:\/\/linoexpress.com\/hr\/wp-json\/wp\/v2\/comments?post=16167"}],"wp:featuredmedia":[{"embeddable":true,"href":"https:\/\/linoexpress.com\/hr\/wp-json\/wp\/v2\/media\/16168"}],"wp:attachment":[{"href":"https:\/\/linoexpress.com\/hr\/wp-json\/wp\/v2\/media?parent=16167"}],"wp:term":[{"taxonomy":"product_brand","embeddable":true,"href":"https:\/\/linoexpress.com\/hr\/wp-json\/wp\/v2\/product_brand?post=16167"},{"taxonomy":"product_cat","embeddable":true,"href":"https:\/\/linoexpress.com\/hr\/wp-json\/wp\/v2\/product_cat?post=16167"},{"taxonomy":"product_tag","embeddable":true,"href":"https:\/\/linoexpress.com\/hr\/wp-json\/wp\/v2\/product_tag?post=16167"}],"curies":[{"name":"wp","href":"https:\/\/api.w.org\/{rel}","templated":true}]}}