{"id":16216,"date":"2025-11-13T17:04:22","date_gmt":"2025-11-13T16:04:22","guid":{"rendered":"https:\/\/linoexpress.com\/hr\/proizvod\/zp20-product\/"},"modified":"2026-03-10T23:40:14","modified_gmt":"2026-03-10T22:40:14","slug":"turbo-dvostruki-zidni-punjac-20w","status":"publish","type":"product","link":"https:\/\/linoexpress.com\/hr\/proizvod\/turbo-dvostruki-zidni-punjac-20w\/","title":{"rendered":"Turbo dvostruki zidni punja\u010d 20W"},"content":{"rendered":"","protected":false},"excerpt":{"rendered":"<p>Brzo napunite sve svoje ure\u0111aje uz Turbo dvojni zidni punja\u010d 20W. Kompaktan, pouzdan i pametan \u2013 ovaj punja\u010d koristi naprednu tehnologiju za brzo i sigurno punjenje telefona, tableta, konzola i drugih ure\u0111aja. Ugra\u0111eni uvla\u010divi kabel i vi\u0161eslojna za\u0161tita \u010dine ga prakti\u010dnim za svaku priliku: kod ku\u0107e, na poslu ili na putu.<\/p>\n","protected":false},"featured_media":16218,"comment_status":"closed","ping_status":"closed","template":"","meta":{"inline_featured_image":false},"product_brand":[],"product_cat":[27,24,15,35],"product_tag":[],"class_list":{"0":"post-16216","1":"product","2":"type-product","3":"status-publish","4":"has-post-thumbnail","6":"product_cat-home","7":"product_cat-sale","8":"product_cat-uncategorized","9":"product_cat-fun","11":"first","12":"instock","13":"sale","14":"taxable","15":"shipping-taxable","16":"purchasable","17":"product-type-simple"},"acf":[],"_links":{"self":[{"href":"https:\/\/linoexpress.com\/hr\/wp-json\/wp\/v2\/product\/16216","targetHints":{"allow":["GET"]}}],"collection":[{"href":"https:\/\/linoexpress.com\/hr\/wp-json\/wp\/v2\/product"}],"about":[{"href":"https:\/\/linoexpress.com\/hr\/wp-json\/wp\/v2\/types\/product"}],"replies":[{"embeddable":true,"href":"https:\/\/linoexpress.com\/hr\/wp-json\/wp\/v2\/comments?post=16216"}],"wp:featuredmedia":[{"embeddable":true,"href":"https:\/\/linoexpress.com\/hr\/wp-json\/wp\/v2\/media\/16218"}],"wp:attachment":[{"href":"https:\/\/linoexpress.com\/hr\/wp-json\/wp\/v2\/media?parent=16216"}],"wp:term":[{"taxonomy":"product_brand","embeddable":true,"href":"https:\/\/linoexpress.com\/hr\/wp-json\/wp\/v2\/product_brand?post=16216"},{"taxonomy":"product_cat","embeddable":true,"href":"https:\/\/linoexpress.com\/hr\/wp-json\/wp\/v2\/product_cat?post=16216"},{"taxonomy":"product_tag","embeddable":true,"href":"https:\/\/linoexpress.com\/hr\/wp-json\/wp\/v2\/product_tag?post=16216"}],"curies":[{"name":"wp","href":"https:\/\/api.w.org\/{rel}","templated":true}]}}