{"id":16348,"date":"2025-11-17T14:54:54","date_gmt":"2025-11-17T13:54:54","guid":{"rendered":"https:\/\/linoexpress.com\/hr\/proizvod\/belt-product\/"},"modified":"2026-03-10T23:39:30","modified_gmt":"2026-03-10T22:39:30","slug":"belt-product","status":"publish","type":"product","link":"https:\/\/linoexpress.com\/hr\/proizvod\/belt-product\/","title":{"rendered":"Pojas za pravilno dr\u017eanje"},"content":{"rendered":"","protected":false},"excerpt":{"rendered":"<p>Ispravi svoje dr\u017eanje i rastereti le\u0111a uz udobnost laganog i prozra\u010dnog pojasa. Idealan je za svakodnevnu upotrebu, dok radi\u0161, vozi\u0161 ili se kre\u0107e\u0161. Diskretan, prakti\u010dan i prilagodljiv, pru\u017ea potporu bez ograni\u010davanja pokreta.<\/p>\n","protected":false},"featured_media":16349,"comment_status":"closed","ping_status":"closed","template":"","meta":{"inline_featured_image":false},"product_brand":[],"product_cat":[25,27,28,15,26],"product_tag":[],"class_list":{"0":"post-16348","1":"product","2":"type-product","3":"status-publish","4":"has-post-thumbnail","6":"product_cat-car","7":"product_cat-home","8":"product_cat-beauty","9":"product_cat-uncategorized","10":"product_cat-health","12":"first","13":"instock","14":"sale","15":"taxable","16":"shipping-taxable","17":"purchasable","18":"product-type-simple"},"acf":[],"_links":{"self":[{"href":"https:\/\/linoexpress.com\/hr\/wp-json\/wp\/v2\/product\/16348","targetHints":{"allow":["GET"]}}],"collection":[{"href":"https:\/\/linoexpress.com\/hr\/wp-json\/wp\/v2\/product"}],"about":[{"href":"https:\/\/linoexpress.com\/hr\/wp-json\/wp\/v2\/types\/product"}],"replies":[{"embeddable":true,"href":"https:\/\/linoexpress.com\/hr\/wp-json\/wp\/v2\/comments?post=16348"}],"wp:featuredmedia":[{"embeddable":true,"href":"https:\/\/linoexpress.com\/hr\/wp-json\/wp\/v2\/media\/16349"}],"wp:attachment":[{"href":"https:\/\/linoexpress.com\/hr\/wp-json\/wp\/v2\/media?parent=16348"}],"wp:term":[{"taxonomy":"product_brand","embeddable":true,"href":"https:\/\/linoexpress.com\/hr\/wp-json\/wp\/v2\/product_brand?post=16348"},{"taxonomy":"product_cat","embeddable":true,"href":"https:\/\/linoexpress.com\/hr\/wp-json\/wp\/v2\/product_cat?post=16348"},{"taxonomy":"product_tag","embeddable":true,"href":"https:\/\/linoexpress.com\/hr\/wp-json\/wp\/v2\/product_tag?post=16348"}],"curies":[{"name":"wp","href":"https:\/\/api.w.org\/{rel}","templated":true}]}}