{"id":17137,"date":"2025-12-10T06:39:40","date_gmt":"2025-12-10T05:39:40","guid":{"rendered":"https:\/\/linoexpress.com\/hr\/proizvod\/sn-mask-product\/"},"modified":"2026-03-10T23:38:40","modified_gmt":"2026-03-10T22:38:40","slug":"snjezna-ninja-maska","status":"publish","type":"product","link":"https:\/\/linoexpress.com\/hr\/proizvod\/snjezna-ninja-maska\/","title":{"rendered":"Snje\u017ena Ninja maska"},"content":{"rendered":"","protected":false},"excerpt":{"rendered":"<p>Snje\u017ena Ninja maska je tvoj nezamjenjivi saveznik na padinama! Kombinira za\u0161titu, udobnost i stil u jednom. Ova multifunkcionalna maska dolazi s odvojivom maskom za lice i nao\u010dalama protiv magljenja, koje pru\u017eaju jasnu vidljivost i potpunu za\u0161titu od vjetra, snijega i UV zraka. Savr\u0161ena za skijanje, snowboard ili bilo koju zimsku avanturu!<\/p>\n","protected":false},"featured_media":17138,"comment_status":"closed","ping_status":"closed","template":"","meta":{"inline_featured_image":false},"product_brand":[],"product_cat":[24,15,35],"product_tag":[],"class_list":{"0":"post-17137","1":"product","2":"type-product","3":"status-publish","4":"has-post-thumbnail","6":"product_cat-sale","7":"product_cat-uncategorized","8":"product_cat-fun","10":"first","11":"instock","12":"sale","13":"taxable","14":"shipping-taxable","15":"purchasable","16":"product-type-simple"},"acf":[],"_links":{"self":[{"href":"https:\/\/linoexpress.com\/hr\/wp-json\/wp\/v2\/product\/17137","targetHints":{"allow":["GET"]}}],"collection":[{"href":"https:\/\/linoexpress.com\/hr\/wp-json\/wp\/v2\/product"}],"about":[{"href":"https:\/\/linoexpress.com\/hr\/wp-json\/wp\/v2\/types\/product"}],"replies":[{"embeddable":true,"href":"https:\/\/linoexpress.com\/hr\/wp-json\/wp\/v2\/comments?post=17137"}],"wp:featuredmedia":[{"embeddable":true,"href":"https:\/\/linoexpress.com\/hr\/wp-json\/wp\/v2\/media\/17138"}],"wp:attachment":[{"href":"https:\/\/linoexpress.com\/hr\/wp-json\/wp\/v2\/media?parent=17137"}],"wp:term":[{"taxonomy":"product_brand","embeddable":true,"href":"https:\/\/linoexpress.com\/hr\/wp-json\/wp\/v2\/product_brand?post=17137"},{"taxonomy":"product_cat","embeddable":true,"href":"https:\/\/linoexpress.com\/hr\/wp-json\/wp\/v2\/product_cat?post=17137"},{"taxonomy":"product_tag","embeddable":true,"href":"https:\/\/linoexpress.com\/hr\/wp-json\/wp\/v2\/product_tag?post=17137"}],"curies":[{"name":"wp","href":"https:\/\/api.w.org\/{rel}","templated":true}]}}