{"id":17396,"date":"2025-12-15T11:51:33","date_gmt":"2025-12-15T10:51:33","guid":{"rendered":"https:\/\/linoexpress.com\/hr\/proizvod\/jazdog-product\/"},"modified":"2026-03-10T23:38:16","modified_gmt":"2026-03-10T22:38:16","slug":"pametni-plisani-pas-jazavcar","status":"publish","type":"product","link":"https:\/\/linoexpress.com\/hr\/proizvod\/pametni-plisani-pas-jazavcar\/","title":{"rendered":"Pametni pli\u0161ani pas jazav\u010dar"},"content":{"rendered":"","protected":false},"excerpt":{"rendered":"<p>Upoznajte pli\u0161anog ljubimca koji reagira poput pravog jazav\u010dara.<\/p>\n<p>Zahvaljuju\u0107i pametnoj tehnologiji pokreta, prepoznaje dodir i odgovara hodanjem, mahanjem repa i nje\u017enim pokretima glave.<\/p>\n<p>Savr\u0161en je kao emotivni pratilac, poklon ili utjeha u svakom domu.<\/p>\n","protected":false},"featured_media":17397,"comment_status":"closed","ping_status":"closed","template":"","meta":{"inline_featured_image":false},"product_brand":[],"product_cat":[27,15,35],"product_tag":[],"class_list":{"0":"post-17396","1":"product","2":"type-product","3":"status-publish","4":"has-post-thumbnail","6":"product_cat-home","7":"product_cat-uncategorized","8":"product_cat-fun","10":"first","11":"instock","12":"sale","13":"taxable","14":"shipping-taxable","15":"purchasable","16":"product-type-simple"},"acf":[],"_links":{"self":[{"href":"https:\/\/linoexpress.com\/hr\/wp-json\/wp\/v2\/product\/17396","targetHints":{"allow":["GET"]}}],"collection":[{"href":"https:\/\/linoexpress.com\/hr\/wp-json\/wp\/v2\/product"}],"about":[{"href":"https:\/\/linoexpress.com\/hr\/wp-json\/wp\/v2\/types\/product"}],"replies":[{"embeddable":true,"href":"https:\/\/linoexpress.com\/hr\/wp-json\/wp\/v2\/comments?post=17396"}],"wp:featuredmedia":[{"embeddable":true,"href":"https:\/\/linoexpress.com\/hr\/wp-json\/wp\/v2\/media\/17397"}],"wp:attachment":[{"href":"https:\/\/linoexpress.com\/hr\/wp-json\/wp\/v2\/media?parent=17396"}],"wp:term":[{"taxonomy":"product_brand","embeddable":true,"href":"https:\/\/linoexpress.com\/hr\/wp-json\/wp\/v2\/product_brand?post=17396"},{"taxonomy":"product_cat","embeddable":true,"href":"https:\/\/linoexpress.com\/hr\/wp-json\/wp\/v2\/product_cat?post=17396"},{"taxonomy":"product_tag","embeddable":true,"href":"https:\/\/linoexpress.com\/hr\/wp-json\/wp\/v2\/product_tag?post=17396"}],"curies":[{"name":"wp","href":"https:\/\/api.w.org\/{rel}","templated":true}]}}