{"id":17912,"date":"2026-01-04T00:36:41","date_gmt":"2026-01-03T23:36:41","guid":{"rendered":"https:\/\/linoexpress.com\/hr\/proizvod\/autovariacija-product\/"},"modified":"2026-01-07T21:38:19","modified_gmt":"2026-01-07T20:38:19","slug":"djecji-karting-2-u-1-automobil","status":"publish","type":"product","link":"https:\/\/linoexpress.com\/hr\/proizvod\/djecji-karting-2-u-1-automobil\/","title":{"rendered":"Dje\u010dji karting &#8211; 2 u 1 automobil"},"content":{"rendered":"","protected":false},"excerpt":{"rendered":"<p>Ovo multifunkcionalno dje\u010dje vozilo omogu\u0107ava dvostruku zabavu &#8211; ru\u010dnu i elektri\u010dnu vo\u017enju! Savr\u0161eno za igru i u ku\u0107i i vani, lagano je, sklopivo i lako za upravljanje. Stabilna konstrukcija i sigurnosne funkcije pru\u017eaju djeci bezbri\u017enu i uzbudljivu vo\u017enju.<\/p>\n","protected":false},"featured_media":17913,"comment_status":"closed","ping_status":"closed","template":"","meta":{"inline_featured_image":false},"product_brand":[],"product_cat":[27,24,15,35],"product_tag":[],"class_list":{"0":"post-17912","1":"product","2":"type-product","3":"status-publish","4":"has-post-thumbnail","6":"product_cat-home","7":"product_cat-sale","8":"product_cat-uncategorized","9":"product_cat-fun","11":"first","12":"instock","13":"sale","14":"taxable","15":"shipping-taxable","16":"purchasable","17":"product-type-variable"},"acf":[],"_links":{"self":[{"href":"https:\/\/linoexpress.com\/hr\/wp-json\/wp\/v2\/product\/17912","targetHints":{"allow":["GET"]}}],"collection":[{"href":"https:\/\/linoexpress.com\/hr\/wp-json\/wp\/v2\/product"}],"about":[{"href":"https:\/\/linoexpress.com\/hr\/wp-json\/wp\/v2\/types\/product"}],"replies":[{"embeddable":true,"href":"https:\/\/linoexpress.com\/hr\/wp-json\/wp\/v2\/comments?post=17912"}],"wp:featuredmedia":[{"embeddable":true,"href":"https:\/\/linoexpress.com\/hr\/wp-json\/wp\/v2\/media\/17913"}],"wp:attachment":[{"href":"https:\/\/linoexpress.com\/hr\/wp-json\/wp\/v2\/media?parent=17912"}],"wp:term":[{"taxonomy":"product_brand","embeddable":true,"href":"https:\/\/linoexpress.com\/hr\/wp-json\/wp\/v2\/product_brand?post=17912"},{"taxonomy":"product_cat","embeddable":true,"href":"https:\/\/linoexpress.com\/hr\/wp-json\/wp\/v2\/product_cat?post=17912"},{"taxonomy":"product_tag","embeddable":true,"href":"https:\/\/linoexpress.com\/hr\/wp-json\/wp\/v2\/product_tag?post=17912"}],"curies":[{"name":"wp","href":"https:\/\/api.w.org\/{rel}","templated":true}]}}