{"id":17944,"date":"2026-01-04T20:12:05","date_gmt":"2026-01-04T19:12:05","guid":{"rendered":"https:\/\/linoexpress.com\/hr\/proizvod\/catch-product\/"},"modified":"2026-03-10T23:37:35","modified_gmt":"2026-03-10T22:37:35","slug":"humana-visestruka-klopka-za-glodavce","status":"publish","type":"product","link":"https:\/\/linoexpress.com\/hr\/proizvod\/humana-visestruka-klopka-za-glodavce\/","title":{"rendered":"Humana vi\u0161estruka klopka za glodavce"},"content":{"rendered":"","protected":false},"excerpt":{"rendered":"<p>Humana vi\u0161estruka klopka za glodavce omogu\u0107uje sigurno hvatanje mi\u0161eva i drugih manjih glodavaca bez ozlje\u0111ivanja i ubijanja. Izra\u0111ena je od kvalitetnog pocin\u010danog \u010delika, pogodna za unutarnju i vanjsku upotrebu. Idealno je rje\u0161enje za sve koji \u017eele u\u010dinkovitu, eti\u010dku i dugotrajnu kontrolu glodavaca.<\/p>\n","protected":false},"featured_media":17945,"comment_status":"closed","ping_status":"closed","template":"","meta":{"inline_featured_image":false},"product_brand":[],"product_cat":[27,24,15,35],"product_tag":[],"class_list":{"0":"post-17944","1":"product","2":"type-product","3":"status-publish","4":"has-post-thumbnail","6":"product_cat-home","7":"product_cat-sale","8":"product_cat-uncategorized","9":"product_cat-fun","11":"first","12":"instock","13":"sale","14":"taxable","15":"shipping-taxable","16":"purchasable","17":"product-type-simple"},"acf":[],"_links":{"self":[{"href":"https:\/\/linoexpress.com\/hr\/wp-json\/wp\/v2\/product\/17944","targetHints":{"allow":["GET"]}}],"collection":[{"href":"https:\/\/linoexpress.com\/hr\/wp-json\/wp\/v2\/product"}],"about":[{"href":"https:\/\/linoexpress.com\/hr\/wp-json\/wp\/v2\/types\/product"}],"replies":[{"embeddable":true,"href":"https:\/\/linoexpress.com\/hr\/wp-json\/wp\/v2\/comments?post=17944"}],"wp:featuredmedia":[{"embeddable":true,"href":"https:\/\/linoexpress.com\/hr\/wp-json\/wp\/v2\/media\/17945"}],"wp:attachment":[{"href":"https:\/\/linoexpress.com\/hr\/wp-json\/wp\/v2\/media?parent=17944"}],"wp:term":[{"taxonomy":"product_brand","embeddable":true,"href":"https:\/\/linoexpress.com\/hr\/wp-json\/wp\/v2\/product_brand?post=17944"},{"taxonomy":"product_cat","embeddable":true,"href":"https:\/\/linoexpress.com\/hr\/wp-json\/wp\/v2\/product_cat?post=17944"},{"taxonomy":"product_tag","embeddable":true,"href":"https:\/\/linoexpress.com\/hr\/wp-json\/wp\/v2\/product_tag?post=17944"}],"curies":[{"name":"wp","href":"https:\/\/api.w.org\/{rel}","templated":true}]}}