{"id":17961,"date":"2026-01-04T22:47:36","date_gmt":"2026-01-04T21:47:36","guid":{"rendered":"https:\/\/linoexpress.com\/hr\/proizvod\/cat135-product\/"},"modified":"2026-03-10T23:37:29","modified_gmt":"2026-03-10T22:37:29","slug":"macja-umjetnicka-slagalica-set-od-135-drvenih-dijelova","status":"publish","type":"product","link":"https:\/\/linoexpress.com\/hr\/proizvod\/macja-umjetnicka-slagalica-set-od-135-drvenih-dijelova\/","title":{"rendered":"Ma\u010dja umjetni\u010dka slagalica \u2013 set od 135 drvenih dijelova"},"content":{"rendered":"","protected":false},"excerpt":{"rendered":"<p>Ma\u010dja umjetni\u010dka slagalica od 135 drvenih dijelova donosi nje\u017ene pastelne tonove i jedinstven oblik ma\u010dke koji pru\u017ea posebno iskustvo slaganja. Svaki dio je razli\u010dito oblikovan, \u0161to slaganje \u010dini zanimljivim, izazovnim i opu\u0161taju\u0107im u isto vrijeme. Nakon sastavljanja, slagalica se pretvara u dekorativni detalj koji unosi toplinu u prostor.<\/p>\n","protected":false},"featured_media":17962,"comment_status":"closed","ping_status":"closed","template":"","meta":{"inline_featured_image":false},"product_brand":[],"product_cat":[27,15,35],"product_tag":[],"class_list":{"0":"post-17961","1":"product","2":"type-product","3":"status-publish","4":"has-post-thumbnail","6":"product_cat-home","7":"product_cat-uncategorized","8":"product_cat-fun","10":"first","11":"instock","12":"sale","13":"taxable","14":"shipping-taxable","15":"purchasable","16":"product-type-simple"},"acf":[],"_links":{"self":[{"href":"https:\/\/linoexpress.com\/hr\/wp-json\/wp\/v2\/product\/17961","targetHints":{"allow":["GET"]}}],"collection":[{"href":"https:\/\/linoexpress.com\/hr\/wp-json\/wp\/v2\/product"}],"about":[{"href":"https:\/\/linoexpress.com\/hr\/wp-json\/wp\/v2\/types\/product"}],"replies":[{"embeddable":true,"href":"https:\/\/linoexpress.com\/hr\/wp-json\/wp\/v2\/comments?post=17961"}],"wp:featuredmedia":[{"embeddable":true,"href":"https:\/\/linoexpress.com\/hr\/wp-json\/wp\/v2\/media\/17962"}],"wp:attachment":[{"href":"https:\/\/linoexpress.com\/hr\/wp-json\/wp\/v2\/media?parent=17961"}],"wp:term":[{"taxonomy":"product_brand","embeddable":true,"href":"https:\/\/linoexpress.com\/hr\/wp-json\/wp\/v2\/product_brand?post=17961"},{"taxonomy":"product_cat","embeddable":true,"href":"https:\/\/linoexpress.com\/hr\/wp-json\/wp\/v2\/product_cat?post=17961"},{"taxonomy":"product_tag","embeddable":true,"href":"https:\/\/linoexpress.com\/hr\/wp-json\/wp\/v2\/product_tag?post=17961"}],"curies":[{"name":"wp","href":"https:\/\/api.w.org\/{rel}","templated":true}]}}