{"id":18300,"date":"2026-01-19T11:18:59","date_gmt":"2026-01-19T10:18:59","guid":{"rendered":"https:\/\/linoexpress.com\/hr\/proizvod\/batpmp-product\/"},"modified":"2026-03-10T23:35:37","modified_gmt":"2026-03-10T22:35:37","slug":"prijenosno-crijevo-s-pumpom","status":"publish","type":"product","link":"https:\/\/linoexpress.com\/hr\/proizvod\/prijenosno-crijevo-s-pumpom\/","title":{"rendered":"Prijenosno crijevo s pumpom"},"content":{"rendered":"","protected":false},"excerpt":{"rendered":"<p>Prijenosna baterijska pumpa omogu\u0107ava brzo, \u010disto i sigurno prebacivanje teku\u0107ina bez te\u0161kog dizanja. Radi na baterije i lako se koristi jednom rukom, \u0161to je \u010dini idealnom za gorivo, vodu i druge teku\u0107ine. Savr\u0161ena je za ku\u0107nu, profesionalnu i hitnu upotrebu.<\/p>\n","protected":false},"featured_media":18301,"comment_status":"closed","ping_status":"closed","template":"","meta":{"inline_featured_image":false},"product_brand":[],"product_cat":[27,15,35],"product_tag":[],"class_list":{"0":"post-18300","1":"product","2":"type-product","3":"status-publish","4":"has-post-thumbnail","6":"product_cat-home","7":"product_cat-uncategorized","8":"product_cat-fun","10":"first","11":"instock","12":"sale","13":"taxable","14":"shipping-taxable","15":"purchasable","16":"product-type-simple"},"acf":[],"_links":{"self":[{"href":"https:\/\/linoexpress.com\/hr\/wp-json\/wp\/v2\/product\/18300","targetHints":{"allow":["GET"]}}],"collection":[{"href":"https:\/\/linoexpress.com\/hr\/wp-json\/wp\/v2\/product"}],"about":[{"href":"https:\/\/linoexpress.com\/hr\/wp-json\/wp\/v2\/types\/product"}],"replies":[{"embeddable":true,"href":"https:\/\/linoexpress.com\/hr\/wp-json\/wp\/v2\/comments?post=18300"}],"wp:featuredmedia":[{"embeddable":true,"href":"https:\/\/linoexpress.com\/hr\/wp-json\/wp\/v2\/media\/18301"}],"wp:attachment":[{"href":"https:\/\/linoexpress.com\/hr\/wp-json\/wp\/v2\/media?parent=18300"}],"wp:term":[{"taxonomy":"product_brand","embeddable":true,"href":"https:\/\/linoexpress.com\/hr\/wp-json\/wp\/v2\/product_brand?post=18300"},{"taxonomy":"product_cat","embeddable":true,"href":"https:\/\/linoexpress.com\/hr\/wp-json\/wp\/v2\/product_cat?post=18300"},{"taxonomy":"product_tag","embeddable":true,"href":"https:\/\/linoexpress.com\/hr\/wp-json\/wp\/v2\/product_tag?post=18300"}],"curies":[{"name":"wp","href":"https:\/\/api.w.org\/{rel}","templated":true}]}}