{"id":18312,"date":"2026-01-19T12:06:28","date_gmt":"2026-01-19T11:06:28","guid":{"rendered":"https:\/\/linoexpress.com\/hr\/proizvod\/hood-product\/"},"modified":"2026-03-10T23:35:18","modified_gmt":"2026-03-10T22:35:18","slug":"visenamjenski-snazan-ventilator","status":"publish","type":"product","link":"https:\/\/linoexpress.com\/hr\/proizvod\/visenamjenski-snazan-ventilator\/","title":{"rendered":"Vi\u0161enamjenski sna\u017ean ventilator"},"content":{"rendered":"","protected":false},"excerpt":{"rendered":"<p>Ovaj vi\u0161enamjenski ispu\u0161ni ventilator osigurava sna\u017ean protok zraka uz izuzetno tih rad. U\u010dinkovito uklanja vlagu, mirise i dim, pobolj\u0161avaju\u0107i kvalitetu zraka u svakom prostoru. Idealan je za kuhinje, kupaonice, urede i komercijalne objekte.<\/p>\n","protected":false},"featured_media":18313,"comment_status":"closed","ping_status":"closed","template":"","meta":{"inline_featured_image":false},"product_brand":[],"product_cat":[27,24,15,35],"product_tag":[],"class_list":{"0":"post-18312","1":"product","2":"type-product","3":"status-publish","4":"has-post-thumbnail","6":"product_cat-home","7":"product_cat-sale","8":"product_cat-uncategorized","9":"product_cat-fun","11":"first","12":"instock","13":"sale","14":"taxable","15":"shipping-taxable","16":"purchasable","17":"product-type-simple"},"acf":[],"_links":{"self":[{"href":"https:\/\/linoexpress.com\/hr\/wp-json\/wp\/v2\/product\/18312","targetHints":{"allow":["GET"]}}],"collection":[{"href":"https:\/\/linoexpress.com\/hr\/wp-json\/wp\/v2\/product"}],"about":[{"href":"https:\/\/linoexpress.com\/hr\/wp-json\/wp\/v2\/types\/product"}],"replies":[{"embeddable":true,"href":"https:\/\/linoexpress.com\/hr\/wp-json\/wp\/v2\/comments?post=18312"}],"wp:featuredmedia":[{"embeddable":true,"href":"https:\/\/linoexpress.com\/hr\/wp-json\/wp\/v2\/media\/18313"}],"wp:attachment":[{"href":"https:\/\/linoexpress.com\/hr\/wp-json\/wp\/v2\/media?parent=18312"}],"wp:term":[{"taxonomy":"product_brand","embeddable":true,"href":"https:\/\/linoexpress.com\/hr\/wp-json\/wp\/v2\/product_brand?post=18312"},{"taxonomy":"product_cat","embeddable":true,"href":"https:\/\/linoexpress.com\/hr\/wp-json\/wp\/v2\/product_cat?post=18312"},{"taxonomy":"product_tag","embeddable":true,"href":"https:\/\/linoexpress.com\/hr\/wp-json\/wp\/v2\/product_tag?post=18312"}],"curies":[{"name":"wp","href":"https:\/\/api.w.org\/{rel}","templated":true}]}}