{"id":18331,"date":"2026-01-19T21:16:08","date_gmt":"2026-01-19T20:16:08","guid":{"rendered":"https:\/\/linoexpress.com\/hr\/proizvod\/pants-product\/"},"modified":"2026-03-10T23:35:07","modified_gmt":"2026-03-10T22:35:07","slug":"luda-dvorisna-igra-granny-pants","status":"publish","type":"product","link":"https:\/\/linoexpress.com\/hr\/proizvod\/luda-dvorisna-igra-granny-pants\/","title":{"rendered":"Luda dvori\u0161na igra &#8211; Granny Pants"},"content":{"rendered":"","protected":false},"excerpt":{"rendered":"<p>Zakora\u010dite u nezaboravnu zabavu uz Granny Pants, ludu dvori\u0161nu igru koja garantira smijeh, pokret i dru\u017eenje za cijelu obitelj i prijatelje. Savr\u0161ena je za dvori\u0161ta, ro\u0161tilje, ro\u0111endane, \u0161kolske aktivnosti i team building doga\u0111aje. Jednostavna za postavljanje, univerzalne veli\u010dine i prilago\u0111ena svim uzrastima, brzo postaje glavna atrakcija svakog okupljanja.<\/p>\n","protected":false},"featured_media":18332,"comment_status":"closed","ping_status":"closed","template":"","meta":{"inline_featured_image":false},"product_brand":[],"product_cat":[27,15,35],"product_tag":[],"class_list":{"0":"post-18331","1":"product","2":"type-product","3":"status-publish","4":"has-post-thumbnail","6":"product_cat-home","7":"product_cat-uncategorized","8":"product_cat-fun","10":"first","11":"instock","12":"sale","13":"taxable","14":"shipping-taxable","15":"purchasable","16":"product-type-simple"},"acf":[],"_links":{"self":[{"href":"https:\/\/linoexpress.com\/hr\/wp-json\/wp\/v2\/product\/18331","targetHints":{"allow":["GET"]}}],"collection":[{"href":"https:\/\/linoexpress.com\/hr\/wp-json\/wp\/v2\/product"}],"about":[{"href":"https:\/\/linoexpress.com\/hr\/wp-json\/wp\/v2\/types\/product"}],"replies":[{"embeddable":true,"href":"https:\/\/linoexpress.com\/hr\/wp-json\/wp\/v2\/comments?post=18331"}],"wp:featuredmedia":[{"embeddable":true,"href":"https:\/\/linoexpress.com\/hr\/wp-json\/wp\/v2\/media\/18332"}],"wp:attachment":[{"href":"https:\/\/linoexpress.com\/hr\/wp-json\/wp\/v2\/media?parent=18331"}],"wp:term":[{"taxonomy":"product_brand","embeddable":true,"href":"https:\/\/linoexpress.com\/hr\/wp-json\/wp\/v2\/product_brand?post=18331"},{"taxonomy":"product_cat","embeddable":true,"href":"https:\/\/linoexpress.com\/hr\/wp-json\/wp\/v2\/product_cat?post=18331"},{"taxonomy":"product_tag","embeddable":true,"href":"https:\/\/linoexpress.com\/hr\/wp-json\/wp\/v2\/product_tag?post=18331"}],"curies":[{"name":"wp","href":"https:\/\/api.w.org\/{rel}","templated":true}]}}