{"id":18350,"date":"2026-01-19T22:57:59","date_gmt":"2026-01-19T21:57:59","guid":{"rendered":"https:\/\/linoexpress.com\/hr\/proizvod\/bref-product\/"},"modified":"2026-01-19T23:52:32","modified_gmt":"2026-01-19T22:52:32","slug":"refleksna-loptica-za-vjezbanje-brzine-i-koordinacije","status":"publish","type":"product","link":"https:\/\/linoexpress.com\/hr\/proizvod\/refleksna-loptica-za-vjezbanje-brzine-i-koordinacije\/","title":{"rendered":"Refleksna loptica za vje\u017ebanje brzine i koordinacije"},"content":{"rendered":"","protected":false},"excerpt":{"rendered":"<p>Refleksna boksa\u010dka loptica je prakti\u010dan trening rekvizit za pobolj\u0161anje brzine, fokusa i koordinacije ruka &#8211; oko. Idealna je za boksere, sporta\u0161e i rekreativce svih uzrasta, kao i za ku\u0107no vje\u017ebanje. Lagana, podesiva i jednostavna za kori\u0161tenje, omogu\u0107ava u\u010dinkovit trening gdje god da se nalazite.<\/p>\n","protected":false},"featured_media":18351,"comment_status":"closed","ping_status":"closed","template":"","meta":{"inline_featured_image":false},"product_brand":[],"product_cat":[27,24,15,35],"product_tag":[],"class_list":{"0":"post-18350","1":"product","2":"type-product","3":"status-publish","4":"has-post-thumbnail","6":"product_cat-home","7":"product_cat-sale","8":"product_cat-uncategorized","9":"product_cat-fun","11":"first","12":"instock","13":"sale","14":"taxable","15":"shipping-taxable","16":"purchasable","17":"product-type-simple"},"acf":[],"_links":{"self":[{"href":"https:\/\/linoexpress.com\/hr\/wp-json\/wp\/v2\/product\/18350","targetHints":{"allow":["GET"]}}],"collection":[{"href":"https:\/\/linoexpress.com\/hr\/wp-json\/wp\/v2\/product"}],"about":[{"href":"https:\/\/linoexpress.com\/hr\/wp-json\/wp\/v2\/types\/product"}],"replies":[{"embeddable":true,"href":"https:\/\/linoexpress.com\/hr\/wp-json\/wp\/v2\/comments?post=18350"}],"wp:featuredmedia":[{"embeddable":true,"href":"https:\/\/linoexpress.com\/hr\/wp-json\/wp\/v2\/media\/18351"}],"wp:attachment":[{"href":"https:\/\/linoexpress.com\/hr\/wp-json\/wp\/v2\/media?parent=18350"}],"wp:term":[{"taxonomy":"product_brand","embeddable":true,"href":"https:\/\/linoexpress.com\/hr\/wp-json\/wp\/v2\/product_brand?post=18350"},{"taxonomy":"product_cat","embeddable":true,"href":"https:\/\/linoexpress.com\/hr\/wp-json\/wp\/v2\/product_cat?post=18350"},{"taxonomy":"product_tag","embeddable":true,"href":"https:\/\/linoexpress.com\/hr\/wp-json\/wp\/v2\/product_tag?post=18350"}],"curies":[{"name":"wp","href":"https:\/\/api.w.org\/{rel}","templated":true}]}}