{"id":18391,"date":"2026-01-21T21:04:27","date_gmt":"2026-01-21T20:04:27","guid":{"rendered":"https:\/\/linoexpress.com\/hr\/proizvod\/catty-product\/"},"modified":"2026-01-25T09:14:03","modified_gmt":"2026-01-25T08:14:03","slug":"umiljata-robotska-macka-interaktivni-ljubimac","status":"publish","type":"product","link":"https:\/\/linoexpress.com\/hr\/proizvod\/umiljata-robotska-macka-interaktivni-ljubimac\/","title":{"rendered":"Umiljata robotska ma\u010dka &#8211; Interaktivni ljubimac"},"content":{"rendered":"","protected":false},"excerpt":{"rendered":"<p>Ova realisti\u010dna robotska ma\u010dka hoda, mijau\u010de i prede poput prave, pru\u017eaju\u0107i djeci osje\u0107aj pravog ku\u0107nog ljubimca. Izra\u0111ena je od mekog, ugodnog materijala koji je siguran za igru i ma\u017eenje. Idealna je za razvoj ma\u0161te, dru\u017eenje i dugotrajnu zabavu bez obaveza brige o pravoj \u017eivotinji.<\/p>\n","protected":false},"featured_media":18392,"comment_status":"closed","ping_status":"closed","template":"","meta":{"inline_featured_image":false},"product_brand":[],"product_cat":[27,15,35],"product_tag":[],"class_list":{"0":"post-18391","1":"product","2":"type-product","3":"status-publish","4":"has-post-thumbnail","6":"product_cat-home","7":"product_cat-uncategorized","8":"product_cat-fun","10":"first","11":"instock","12":"sale","13":"taxable","14":"shipping-taxable","15":"purchasable","16":"product-type-simple"},"acf":[],"_links":{"self":[{"href":"https:\/\/linoexpress.com\/hr\/wp-json\/wp\/v2\/product\/18391","targetHints":{"allow":["GET"]}}],"collection":[{"href":"https:\/\/linoexpress.com\/hr\/wp-json\/wp\/v2\/product"}],"about":[{"href":"https:\/\/linoexpress.com\/hr\/wp-json\/wp\/v2\/types\/product"}],"replies":[{"embeddable":true,"href":"https:\/\/linoexpress.com\/hr\/wp-json\/wp\/v2\/comments?post=18391"}],"wp:featuredmedia":[{"embeddable":true,"href":"https:\/\/linoexpress.com\/hr\/wp-json\/wp\/v2\/media\/18392"}],"wp:attachment":[{"href":"https:\/\/linoexpress.com\/hr\/wp-json\/wp\/v2\/media?parent=18391"}],"wp:term":[{"taxonomy":"product_brand","embeddable":true,"href":"https:\/\/linoexpress.com\/hr\/wp-json\/wp\/v2\/product_brand?post=18391"},{"taxonomy":"product_cat","embeddable":true,"href":"https:\/\/linoexpress.com\/hr\/wp-json\/wp\/v2\/product_cat?post=18391"},{"taxonomy":"product_tag","embeddable":true,"href":"https:\/\/linoexpress.com\/hr\/wp-json\/wp\/v2\/product_tag?post=18391"}],"curies":[{"name":"wp","href":"https:\/\/api.w.org\/{rel}","templated":true}]}}