{"id":19120,"date":"2026-02-05T19:43:15","date_gmt":"2026-02-05T18:43:15","guid":{"rendered":"https:\/\/linoexpress.com\/hr\/proizvod\/matgnd-product\/"},"modified":"2026-03-10T23:47:13","modified_gmt":"2026-03-10T22:47:13","slug":"podloga-za-uzemljenje","status":"publish","type":"product","link":"https:\/\/linoexpress.com\/hr\/proizvod\/podloga-za-uzemljenje\/","title":{"rendered":"Podloga za uzemljenje"},"content":{"rendered":"","protected":false},"excerpt":{"rendered":"<p>Podloga za uzemljenje omogu\u0107ava prirodno povezivanje tijela sa zemljom i vra\u0107anje elektri\u010dne ravnote\u017ee organizma. Redovita uporaba mo\u017ee doprinijeti boljem snu, smanjenju stresa i ubla\u017eavanju bolova u mi\u0161i\u0107ima i zglobovima. Jednostavna je za kori\u0161tenje i pogodna za dom, ured ili odmor.<\/p>\n","protected":false},"featured_media":19121,"comment_status":"closed","ping_status":"closed","template":"","meta":{"inline_featured_image":false},"product_brand":[],"product_cat":[27,15,35,26],"product_tag":[],"class_list":{"0":"post-19120","1":"product","2":"type-product","3":"status-publish","4":"has-post-thumbnail","6":"product_cat-home","7":"product_cat-uncategorized","8":"product_cat-fun","9":"product_cat-health","11":"first","12":"instock","13":"sale","14":"taxable","15":"shipping-taxable","16":"purchasable","17":"product-type-simple"},"acf":[],"_links":{"self":[{"href":"https:\/\/linoexpress.com\/hr\/wp-json\/wp\/v2\/product\/19120","targetHints":{"allow":["GET"]}}],"collection":[{"href":"https:\/\/linoexpress.com\/hr\/wp-json\/wp\/v2\/product"}],"about":[{"href":"https:\/\/linoexpress.com\/hr\/wp-json\/wp\/v2\/types\/product"}],"replies":[{"embeddable":true,"href":"https:\/\/linoexpress.com\/hr\/wp-json\/wp\/v2\/comments?post=19120"}],"wp:featuredmedia":[{"embeddable":true,"href":"https:\/\/linoexpress.com\/hr\/wp-json\/wp\/v2\/media\/19121"}],"wp:attachment":[{"href":"https:\/\/linoexpress.com\/hr\/wp-json\/wp\/v2\/media?parent=19120"}],"wp:term":[{"taxonomy":"product_brand","embeddable":true,"href":"https:\/\/linoexpress.com\/hr\/wp-json\/wp\/v2\/product_brand?post=19120"},{"taxonomy":"product_cat","embeddable":true,"href":"https:\/\/linoexpress.com\/hr\/wp-json\/wp\/v2\/product_cat?post=19120"},{"taxonomy":"product_tag","embeddable":true,"href":"https:\/\/linoexpress.com\/hr\/wp-json\/wp\/v2\/product_tag?post=19120"}],"curies":[{"name":"wp","href":"https:\/\/api.w.org\/{rel}","templated":true}]}}