{"id":19142,"date":"2026-02-05T20:32:50","date_gmt":"2026-02-05T19:32:50","guid":{"rendered":"https:\/\/linoexpress.com\/hr\/proizvod\/strap-product\/"},"modified":"2026-03-10T23:47:03","modified_gmt":"2026-03-10T22:47:03","slug":"remeni-za-dizanje-utega-s-kukicama-za-zapesce","status":"publish","type":"product","link":"https:\/\/linoexpress.com\/hr\/proizvod\/remeni-za-dizanje-utega-s-kukicama-za-zapesce\/","title":{"rendered":"Remeni za dizanje utega s kukicama za zape\u0161\u0107e"},"content":{"rendered":"","protected":false},"excerpt":{"rendered":"<p>Pojasevi za dizanje utega pru\u017eaju sna\u017enu i stabilnu podr\u0161ku tijekom vje\u017ebanja s ve\u0107im optere\u0107enjem. Poma\u017eu u sigurnijem izvo\u0111enju pokreta i smanjuju optere\u0107enje ruku i zglobova. Namijenjeni su svima koji \u017eele bolju kontrolu, ja\u010di stisak i u\u010dinkovitiji trening.<\/p>\n","protected":false},"featured_media":19144,"comment_status":"closed","ping_status":"closed","template":"","meta":{"inline_featured_image":false},"product_brand":[],"product_cat":[24,15,35,26],"product_tag":[],"class_list":{"0":"post-19142","1":"product","2":"type-product","3":"status-publish","4":"has-post-thumbnail","6":"product_cat-sale","7":"product_cat-uncategorized","8":"product_cat-fun","9":"product_cat-health","11":"first","12":"instock","13":"sale","14":"taxable","15":"shipping-taxable","16":"purchasable","17":"product-type-simple"},"acf":[],"_links":{"self":[{"href":"https:\/\/linoexpress.com\/hr\/wp-json\/wp\/v2\/product\/19142","targetHints":{"allow":["GET"]}}],"collection":[{"href":"https:\/\/linoexpress.com\/hr\/wp-json\/wp\/v2\/product"}],"about":[{"href":"https:\/\/linoexpress.com\/hr\/wp-json\/wp\/v2\/types\/product"}],"replies":[{"embeddable":true,"href":"https:\/\/linoexpress.com\/hr\/wp-json\/wp\/v2\/comments?post=19142"}],"wp:featuredmedia":[{"embeddable":true,"href":"https:\/\/linoexpress.com\/hr\/wp-json\/wp\/v2\/media\/19144"}],"wp:attachment":[{"href":"https:\/\/linoexpress.com\/hr\/wp-json\/wp\/v2\/media?parent=19142"}],"wp:term":[{"taxonomy":"product_brand","embeddable":true,"href":"https:\/\/linoexpress.com\/hr\/wp-json\/wp\/v2\/product_brand?post=19142"},{"taxonomy":"product_cat","embeddable":true,"href":"https:\/\/linoexpress.com\/hr\/wp-json\/wp\/v2\/product_cat?post=19142"},{"taxonomy":"product_tag","embeddable":true,"href":"https:\/\/linoexpress.com\/hr\/wp-json\/wp\/v2\/product_tag?post=19142"}],"curies":[{"name":"wp","href":"https:\/\/api.w.org\/{rel}","templated":true}]}}