{"id":19406,"date":"2026-02-13T07:21:01","date_gmt":"2026-02-13T06:21:01","guid":{"rendered":"https:\/\/linoexpress.com\/hr\/proizvod\/shaver-product\/"},"modified":"2026-03-10T23:34:23","modified_gmt":"2026-03-10T22:34:23","slug":"mini-elektricni-brijac-za-precizno-i-brzo-brijanje","status":"publish","type":"product","link":"https:\/\/linoexpress.com\/hr\/proizvod\/mini-elektricni-brijac-za-precizno-i-brzo-brijanje\/","title":{"rendered":"Mini elektri\u010dni brija\u010d za precizno i brzo brijanje"},"content":{"rendered":"","protected":false},"excerpt":{"rendered":"<p>Mini elektri\u010dni brija\u010d omogu\u0107uje brzo, uredno i ravnomjerno brijanje bez iritacije ko\u017ee. Zahvaljuju\u0107i sna\u017enom motoru i preciznim o\u0161tricama, uklanja dla\u010dice lako i bez zatezanja. Idealan je za svakodnevno odr\u017eavanje urednog izgleda kod ku\u0107e ili u pokretu.<\/p>\n","protected":false},"featured_media":19407,"comment_status":"closed","ping_status":"closed","template":"","meta":{"inline_featured_image":false},"product_brand":[],"product_cat":[28,24,15,35],"product_tag":[],"class_list":{"0":"post-19406","1":"product","2":"type-product","3":"status-publish","4":"has-post-thumbnail","6":"product_cat-beauty","7":"product_cat-sale","8":"product_cat-uncategorized","9":"product_cat-fun","11":"first","12":"instock","13":"sale","14":"taxable","15":"shipping-taxable","16":"purchasable","17":"product-type-simple"},"acf":[],"_links":{"self":[{"href":"https:\/\/linoexpress.com\/hr\/wp-json\/wp\/v2\/product\/19406","targetHints":{"allow":["GET"]}}],"collection":[{"href":"https:\/\/linoexpress.com\/hr\/wp-json\/wp\/v2\/product"}],"about":[{"href":"https:\/\/linoexpress.com\/hr\/wp-json\/wp\/v2\/types\/product"}],"replies":[{"embeddable":true,"href":"https:\/\/linoexpress.com\/hr\/wp-json\/wp\/v2\/comments?post=19406"}],"wp:featuredmedia":[{"embeddable":true,"href":"https:\/\/linoexpress.com\/hr\/wp-json\/wp\/v2\/media\/19407"}],"wp:attachment":[{"href":"https:\/\/linoexpress.com\/hr\/wp-json\/wp\/v2\/media?parent=19406"}],"wp:term":[{"taxonomy":"product_brand","embeddable":true,"href":"https:\/\/linoexpress.com\/hr\/wp-json\/wp\/v2\/product_brand?post=19406"},{"taxonomy":"product_cat","embeddable":true,"href":"https:\/\/linoexpress.com\/hr\/wp-json\/wp\/v2\/product_cat?post=19406"},{"taxonomy":"product_tag","embeddable":true,"href":"https:\/\/linoexpress.com\/hr\/wp-json\/wp\/v2\/product_tag?post=19406"}],"curies":[{"name":"wp","href":"https:\/\/api.w.org\/{rel}","templated":true}]}}