{"id":20089,"date":"2026-03-16T11:19:39","date_gmt":"2026-03-16T10:19:39","guid":{"rendered":"https:\/\/linoexpress.com\/hr\/proizvod\/catty-puppy-product\/"},"modified":"2026-03-16T11:40:00","modified_gmt":"2026-03-16T10:40:00","slug":"pametni-interaktivni-ljubimac-za-djecu-pas-ili-macka","status":"publish","type":"product","link":"https:\/\/linoexpress.com\/hr\/proizvod\/pametni-interaktivni-ljubimac-za-djecu-pas-ili-macka\/","title":{"rendered":"Pametni interaktivni ljubimac za djecu &#8211; Pas ili Ma\u010dka"},"content":{"rendered":"","protected":false},"excerpt":{"rendered":"<p>Interaktivna pli\u0161ana \u017eivotinja donosi djeci zabavnu i zanimljivu igru kroz pokrete i zvukove. Mekani materijal i simpati\u010dan dizajn \u010dine ga savr\u0161enim prijateljem za svakodnevno dru\u017eenje i igru. Dostupan je u varijanti psa ili ma\u010dke, pa svako dijete mo\u017ee izabrati svog omiljenog ljubimca.<\/p>\n","protected":false},"featured_media":20090,"comment_status":"closed","ping_status":"closed","template":"","meta":{"inline_featured_image":false},"product_brand":[],"product_cat":[27,24,15,35],"product_tag":[],"class_list":{"0":"post-20089","1":"product","2":"type-product","3":"status-publish","4":"has-post-thumbnail","6":"product_cat-home","7":"product_cat-sale","8":"product_cat-uncategorized","9":"product_cat-fun","11":"first","12":"instock","13":"sale","14":"taxable","15":"shipping-taxable","16":"purchasable","17":"product-type-variable"},"acf":[],"_links":{"self":[{"href":"https:\/\/linoexpress.com\/hr\/wp-json\/wp\/v2\/product\/20089","targetHints":{"allow":["GET"]}}],"collection":[{"href":"https:\/\/linoexpress.com\/hr\/wp-json\/wp\/v2\/product"}],"about":[{"href":"https:\/\/linoexpress.com\/hr\/wp-json\/wp\/v2\/types\/product"}],"replies":[{"embeddable":true,"href":"https:\/\/linoexpress.com\/hr\/wp-json\/wp\/v2\/comments?post=20089"}],"wp:featuredmedia":[{"embeddable":true,"href":"https:\/\/linoexpress.com\/hr\/wp-json\/wp\/v2\/media\/20090"}],"wp:attachment":[{"href":"https:\/\/linoexpress.com\/hr\/wp-json\/wp\/v2\/media?parent=20089"}],"wp:term":[{"taxonomy":"product_brand","embeddable":true,"href":"https:\/\/linoexpress.com\/hr\/wp-json\/wp\/v2\/product_brand?post=20089"},{"taxonomy":"product_cat","embeddable":true,"href":"https:\/\/linoexpress.com\/hr\/wp-json\/wp\/v2\/product_cat?post=20089"},{"taxonomy":"product_tag","embeddable":true,"href":"https:\/\/linoexpress.com\/hr\/wp-json\/wp\/v2\/product_tag?post=20089"}],"curies":[{"name":"wp","href":"https:\/\/api.w.org\/{rel}","templated":true}]}}