{"id":20617,"date":"2026-04-24T00:09:21","date_gmt":"2026-04-23T22:09:21","guid":{"rendered":"https:\/\/linoexpress.com\/hr\/proizvod\/magicshelf-product\/"},"modified":"2026-04-28T09:41:45","modified_gmt":"2026-04-28T07:41:45","slug":"diskretna-sigurnosna-polica","status":"publish","type":"product","link":"https:\/\/linoexpress.com\/hr\/proizvod\/diskretna-sigurnosna-polica\/","title":{"rendered":"Diskretna sigurnosna polica"},"content":{"rendered":"","protected":false},"excerpt":{"rendered":"<p>Diskretno sakrijte svoje dragocjenosti na mjestu gdje ih nitko ne o\u010dekuje \u2013 u elegantnoj zidnoj polici. Spoj prakti\u010dnosti i sigurnosti omogu\u0107ava vam da organizirate prostor, a istovremeno za\u0161titite ono \u0161to vam je najva\u017enije. Moderan dizajn uklapa se u svaki interijer i ostavlja dojam luksuza i pametnog rje\u0161enja.<\/p>\n","protected":false},"featured_media":20618,"comment_status":"closed","ping_status":"closed","template":"","meta":{"inline_featured_image":false},"product_brand":[],"product_cat":[27,24,15,35],"product_tag":[],"class_list":{"0":"post-20617","1":"product","2":"type-product","3":"status-publish","4":"has-post-thumbnail","6":"product_cat-home","7":"product_cat-sale","8":"product_cat-uncategorized","9":"product_cat-fun","11":"first","12":"instock","13":"sale","14":"taxable","15":"shipping-taxable","16":"purchasable","17":"product-type-simple"},"acf":[],"_links":{"self":[{"href":"https:\/\/linoexpress.com\/hr\/wp-json\/wp\/v2\/product\/20617","targetHints":{"allow":["GET"]}}],"collection":[{"href":"https:\/\/linoexpress.com\/hr\/wp-json\/wp\/v2\/product"}],"about":[{"href":"https:\/\/linoexpress.com\/hr\/wp-json\/wp\/v2\/types\/product"}],"replies":[{"embeddable":true,"href":"https:\/\/linoexpress.com\/hr\/wp-json\/wp\/v2\/comments?post=20617"}],"wp:featuredmedia":[{"embeddable":true,"href":"https:\/\/linoexpress.com\/hr\/wp-json\/wp\/v2\/media\/20618"}],"wp:attachment":[{"href":"https:\/\/linoexpress.com\/hr\/wp-json\/wp\/v2\/media?parent=20617"}],"wp:term":[{"taxonomy":"product_brand","embeddable":true,"href":"https:\/\/linoexpress.com\/hr\/wp-json\/wp\/v2\/product_brand?post=20617"},{"taxonomy":"product_cat","embeddable":true,"href":"https:\/\/linoexpress.com\/hr\/wp-json\/wp\/v2\/product_cat?post=20617"},{"taxonomy":"product_tag","embeddable":true,"href":"https:\/\/linoexpress.com\/hr\/wp-json\/wp\/v2\/product_tag?post=20617"}],"curies":[{"name":"wp","href":"https:\/\/api.w.org\/{rel}","templated":true}]}}