{"id":20638,"date":"2026-04-24T15:09:14","date_gmt":"2026-04-24T13:09:14","guid":{"rendered":"https:\/\/linoexpress.com\/hr\/proizvod\/vac60-product\/"},"modified":"2026-05-01T13:53:08","modified_gmt":"2026-05-01T11:53:08","slug":"rucni-turbo-cistac","status":"publish","type":"product","link":"https:\/\/linoexpress.com\/hr\/proizvod\/rucni-turbo-cistac\/","title":{"rendered":"Ru\u010dni turbo \u010dista\u010d"},"content":{"rendered":"","protected":false},"excerpt":{"rendered":"<p>Ru\u010dni turbo \u010dista\u010d donosi sna\u017eno i brzo \u010di\u0161\u0107enje bez kablova i komplikacija. Zahvaljuju\u0107i kompaktnom dizajnu i jakom usisu, lako uklanja pra\u0161inu i ne\u010disto\u0107e i sa najte\u017ee dostupnih mjesta. Idealan za dom i automobil &#8211; uvijek spreman kada vam zatreba.<\/p>\n","protected":false},"featured_media":20639,"comment_status":"closed","ping_status":"closed","template":"","meta":{"inline_featured_image":false},"product_brand":[],"product_cat":[27,24,15,35],"product_tag":[],"class_list":{"0":"post-20638","1":"product","2":"type-product","3":"status-publish","4":"has-post-thumbnail","6":"product_cat-home","7":"product_cat-sale","8":"product_cat-uncategorized","9":"product_cat-fun","11":"first","12":"instock","13":"sale","14":"taxable","15":"shipping-taxable","16":"purchasable","17":"product-type-simple"},"acf":[],"_links":{"self":[{"href":"https:\/\/linoexpress.com\/hr\/wp-json\/wp\/v2\/product\/20638","targetHints":{"allow":["GET"]}}],"collection":[{"href":"https:\/\/linoexpress.com\/hr\/wp-json\/wp\/v2\/product"}],"about":[{"href":"https:\/\/linoexpress.com\/hr\/wp-json\/wp\/v2\/types\/product"}],"replies":[{"embeddable":true,"href":"https:\/\/linoexpress.com\/hr\/wp-json\/wp\/v2\/comments?post=20638"}],"wp:featuredmedia":[{"embeddable":true,"href":"https:\/\/linoexpress.com\/hr\/wp-json\/wp\/v2\/media\/20639"}],"wp:attachment":[{"href":"https:\/\/linoexpress.com\/hr\/wp-json\/wp\/v2\/media?parent=20638"}],"wp:term":[{"taxonomy":"product_brand","embeddable":true,"href":"https:\/\/linoexpress.com\/hr\/wp-json\/wp\/v2\/product_brand?post=20638"},{"taxonomy":"product_cat","embeddable":true,"href":"https:\/\/linoexpress.com\/hr\/wp-json\/wp\/v2\/product_cat?post=20638"},{"taxonomy":"product_tag","embeddable":true,"href":"https:\/\/linoexpress.com\/hr\/wp-json\/wp\/v2\/product_tag?post=20638"}],"curies":[{"name":"wp","href":"https:\/\/api.w.org\/{rel}","templated":true}]}}