{"id":2231,"date":"2021-02-17T08:57:46","date_gmt":"2021-02-17T07:57:46","guid":{"rendered":"https:\/\/shopium.eu\/hr\/?post_type=product&#038;p=2231"},"modified":"2023-01-03T14:17:05","modified_gmt":"2023-01-03T13:17:05","slug":"takticke-vojne-rukavice-glowesly","status":"publish","type":"product","link":"https:\/\/linoexpress.com\/hr\/proizvod\/takticke-vojne-rukavice-glowesly\/","title":{"rendered":"Takti\u010dke vojne rukavice &#8211; Glowesly"},"content":{"rendered":"","protected":false},"excerpt":{"rendered":"<p>Savr\u0161ene Touch Screen vojne rukavice idealne za sve tipove sportova ili za razli\u010dite aktivnosti na otvorenom, bez ogrebotina, modrica ili promrzlina.<\/p>\n","protected":false},"featured_media":2087,"comment_status":"closed","ping_status":"closed","template":"","meta":{"inline_featured_image":false},"product_brand":[],"product_cat":[15],"product_tag":[],"class_list":{"0":"post-2231","1":"product","2":"type-product","3":"status-publish","4":"has-post-thumbnail","6":"product_cat-uncategorized","8":"first","9":"instock","10":"sale","11":"taxable","12":"shipping-taxable","13":"purchasable","14":"product-type-simple"},"acf":[],"_links":{"self":[{"href":"https:\/\/linoexpress.com\/hr\/wp-json\/wp\/v2\/product\/2231","targetHints":{"allow":["GET"]}}],"collection":[{"href":"https:\/\/linoexpress.com\/hr\/wp-json\/wp\/v2\/product"}],"about":[{"href":"https:\/\/linoexpress.com\/hr\/wp-json\/wp\/v2\/types\/product"}],"replies":[{"embeddable":true,"href":"https:\/\/linoexpress.com\/hr\/wp-json\/wp\/v2\/comments?post=2231"}],"wp:featuredmedia":[{"embeddable":true,"href":"https:\/\/linoexpress.com\/hr\/wp-json\/wp\/v2\/media\/2087"}],"wp:attachment":[{"href":"https:\/\/linoexpress.com\/hr\/wp-json\/wp\/v2\/media?parent=2231"}],"wp:term":[{"taxonomy":"product_brand","embeddable":true,"href":"https:\/\/linoexpress.com\/hr\/wp-json\/wp\/v2\/product_brand?post=2231"},{"taxonomy":"product_cat","embeddable":true,"href":"https:\/\/linoexpress.com\/hr\/wp-json\/wp\/v2\/product_cat?post=2231"},{"taxonomy":"product_tag","embeddable":true,"href":"https:\/\/linoexpress.com\/hr\/wp-json\/wp\/v2\/product_tag?post=2231"}],"curies":[{"name":"wp","href":"https:\/\/api.w.org\/{rel}","templated":true}]}}