{"id":3650,"date":"2022-05-03T11:34:50","date_gmt":"2022-05-03T09:34:50","guid":{"rendered":"https:\/\/linoexpress.com\/hr\/?post_type=product&#038;p=3650"},"modified":"2025-01-28T17:06:12","modified_gmt":"2025-01-28T16:06:12","slug":"rucni-komplet-za-popravak-namjestaja-fixall","status":"publish","type":"product","link":"https:\/\/linoexpress.com\/hr\/proizvod\/rucni-komplet-za-popravak-namjestaja-fixall\/","title":{"rendered":"Ru\u010dni komplet za popravak namje\u0161taja-FixAll"},"content":{"rendered":"","protected":false},"excerpt":{"rendered":"<p>Popravite manje ogrebotine na svim vrstama podova ili drugog namje\u0161taja i drvenih povr\u0161ina . Idealan za parkete, laminate, radne plo\u010de ili namje\u0161taj i drvenu gra\u0111u.<\/p>\n","protected":false},"featured_media":9326,"comment_status":"closed","ping_status":"closed","template":"","meta":{"inline_featured_image":false},"product_brand":[],"product_cat":[27,15],"product_tag":[],"class_list":{"0":"post-3650","1":"product","2":"type-product","3":"status-publish","4":"has-post-thumbnail","6":"product_cat-home","7":"product_cat-uncategorized","9":"first","10":"instock","11":"sale","12":"taxable","13":"shipping-taxable","14":"purchasable","15":"product-type-simple"},"acf":[],"_links":{"self":[{"href":"https:\/\/linoexpress.com\/hr\/wp-json\/wp\/v2\/product\/3650","targetHints":{"allow":["GET"]}}],"collection":[{"href":"https:\/\/linoexpress.com\/hr\/wp-json\/wp\/v2\/product"}],"about":[{"href":"https:\/\/linoexpress.com\/hr\/wp-json\/wp\/v2\/types\/product"}],"replies":[{"embeddable":true,"href":"https:\/\/linoexpress.com\/hr\/wp-json\/wp\/v2\/comments?post=3650"}],"wp:featuredmedia":[{"embeddable":true,"href":"https:\/\/linoexpress.com\/hr\/wp-json\/wp\/v2\/media\/9326"}],"wp:attachment":[{"href":"https:\/\/linoexpress.com\/hr\/wp-json\/wp\/v2\/media?parent=3650"}],"wp:term":[{"taxonomy":"product_brand","embeddable":true,"href":"https:\/\/linoexpress.com\/hr\/wp-json\/wp\/v2\/product_brand?post=3650"},{"taxonomy":"product_cat","embeddable":true,"href":"https:\/\/linoexpress.com\/hr\/wp-json\/wp\/v2\/product_cat?post=3650"},{"taxonomy":"product_tag","embeddable":true,"href":"https:\/\/linoexpress.com\/hr\/wp-json\/wp\/v2\/product_tag?post=3650"}],"curies":[{"name":"wp","href":"https:\/\/api.w.org\/{rel}","templated":true}]}}