{"id":4211,"date":"2022-07-04T11:08:57","date_gmt":"2022-07-04T09:08:57","guid":{"rendered":"https:\/\/linoexpress.com\/hr\/?post_type=product&#038;p=4211"},"modified":"2023-01-03T10:58:12","modified_gmt":"2023-01-03T09:58:12","slug":"gel-za-ciscenje-i-izbjeljivanje-cipela","status":"publish","type":"product","link":"https:\/\/linoexpress.com\/hr\/proizvod\/gel-za-ciscenje-i-izbjeljivanje-cipela\/","title":{"rendered":"Gel za \u010di\u0161\u0107enje i izbjeljivanje cipela"},"content":{"rendered":"","protected":false},"excerpt":{"rendered":"<p>Uklonite prljav\u0161tinu, \u017eute mrlje i crnila uzrokovana vremenom uz ovaj fenomenalni gel za izbjeljivanje i \u010di\u0161\u0107enje!<\/p>\n","protected":false},"featured_media":4215,"comment_status":"closed","ping_status":"closed","template":"","meta":{"inline_featured_image":false},"product_brand":[],"product_cat":[27,15],"product_tag":[],"class_list":{"0":"post-4211","1":"product","2":"type-product","3":"status-publish","4":"has-post-thumbnail","6":"product_cat-home","7":"product_cat-uncategorized","9":"first","10":"instock","11":"sale","12":"taxable","13":"shipping-taxable","14":"purchasable","15":"product-type-simple"},"acf":[],"_links":{"self":[{"href":"https:\/\/linoexpress.com\/hr\/wp-json\/wp\/v2\/product\/4211","targetHints":{"allow":["GET"]}}],"collection":[{"href":"https:\/\/linoexpress.com\/hr\/wp-json\/wp\/v2\/product"}],"about":[{"href":"https:\/\/linoexpress.com\/hr\/wp-json\/wp\/v2\/types\/product"}],"replies":[{"embeddable":true,"href":"https:\/\/linoexpress.com\/hr\/wp-json\/wp\/v2\/comments?post=4211"}],"wp:featuredmedia":[{"embeddable":true,"href":"https:\/\/linoexpress.com\/hr\/wp-json\/wp\/v2\/media\/4215"}],"wp:attachment":[{"href":"https:\/\/linoexpress.com\/hr\/wp-json\/wp\/v2\/media?parent=4211"}],"wp:term":[{"taxonomy":"product_brand","embeddable":true,"href":"https:\/\/linoexpress.com\/hr\/wp-json\/wp\/v2\/product_brand?post=4211"},{"taxonomy":"product_cat","embeddable":true,"href":"https:\/\/linoexpress.com\/hr\/wp-json\/wp\/v2\/product_cat?post=4211"},{"taxonomy":"product_tag","embeddable":true,"href":"https:\/\/linoexpress.com\/hr\/wp-json\/wp\/v2\/product_tag?post=4211"}],"curies":[{"name":"wp","href":"https:\/\/api.w.org\/{rel}","templated":true}]}}