{"id":5596,"date":"2022-10-21T14:27:10","date_gmt":"2022-10-21T12:27:10","guid":{"rendered":"https:\/\/linoexpress.com\/hr\/?post_type=product&#038;p=5596"},"modified":"2023-01-05T08:06:57","modified_gmt":"2023-01-05T07:06:57","slug":"holografski-projektor","status":"publish","type":"product","link":"https:\/\/linoexpress.com\/hr\/proizvod\/holografski-projektor\/","title":{"rendered":"Holografski projektor"},"content":{"rendered":"","protected":false},"excerpt":{"rendered":"<p>Podignite ukra\u0161avanje ku\u0107e za praznike na vi\u0161i nivo. 12 razli\u010ditih projekcija u\u010dini\u0107e ove praznike nezaboravnim. Neka va\u0161a ku\u0107a bude najstra\u0161nija za No\u0107 vje\u0161tica i najveselija za Bo\u017ei\u0107ne praznike.<\/p>\n","protected":false},"featured_media":5599,"comment_status":"closed","ping_status":"closed","template":"","meta":{"inline_featured_image":false},"product_brand":[],"product_cat":[27,15,35],"product_tag":[],"class_list":{"0":"post-5596","1":"product","2":"type-product","3":"status-publish","4":"has-post-thumbnail","6":"product_cat-home","7":"product_cat-uncategorized","8":"product_cat-fun","10":"first","11":"instock","12":"sale","13":"taxable","14":"shipping-taxable","15":"purchasable","16":"product-type-simple"},"acf":[],"_links":{"self":[{"href":"https:\/\/linoexpress.com\/hr\/wp-json\/wp\/v2\/product\/5596","targetHints":{"allow":["GET"]}}],"collection":[{"href":"https:\/\/linoexpress.com\/hr\/wp-json\/wp\/v2\/product"}],"about":[{"href":"https:\/\/linoexpress.com\/hr\/wp-json\/wp\/v2\/types\/product"}],"replies":[{"embeddable":true,"href":"https:\/\/linoexpress.com\/hr\/wp-json\/wp\/v2\/comments?post=5596"}],"wp:featuredmedia":[{"embeddable":true,"href":"https:\/\/linoexpress.com\/hr\/wp-json\/wp\/v2\/media\/5599"}],"wp:attachment":[{"href":"https:\/\/linoexpress.com\/hr\/wp-json\/wp\/v2\/media?parent=5596"}],"wp:term":[{"taxonomy":"product_brand","embeddable":true,"href":"https:\/\/linoexpress.com\/hr\/wp-json\/wp\/v2\/product_brand?post=5596"},{"taxonomy":"product_cat","embeddable":true,"href":"https:\/\/linoexpress.com\/hr\/wp-json\/wp\/v2\/product_cat?post=5596"},{"taxonomy":"product_tag","embeddable":true,"href":"https:\/\/linoexpress.com\/hr\/wp-json\/wp\/v2\/product_tag?post=5596"}],"curies":[{"name":"wp","href":"https:\/\/api.w.org\/{rel}","templated":true}]}}